{"id":5323,"date":"2022-10-03T15:56:36","date_gmt":"2022-10-03T15:56:36","guid":{"rendered":"http:\/\/c1641679.ferozo.com\/tradicion-krisnamacarya-krisnamacarya-una-leyenda\/"},"modified":"2023-09-18T20:59:06","modified_gmt":"2023-09-18T20:59:06","slug":"krisnamacarya-una-leyenda","status":"publish","type":"page","link":"https:\/\/dendupratyoga.com\/es\/krisnamacarya-una-leyenda\/","title":{"rendered":"Kri\u015bnamacarya \u201cuna leyenda\u201d"},"content":{"rendered":"\t\t<div data-elementor-type=\"wp-page\" data-elementor-id=\"5323\" class=\"elementor elementor-5323\" data-elementor-post-type=\"page\">\n\t\t\t\t\t\t<section class=\"elementor-section elementor-top-section elementor-element elementor-element-3601ea4 elementor-section-boxed elementor-section-height-default elementor-section-height-default\" data-id=\"3601ea4\" data-element_type=\"section\" data-e-type=\"section\">\n\t\t\t\t\t\t<div class=\"elementor-container elementor-column-gap-no\">\n\t\t\t\t\t<div class=\"elementor-column elementor-col-100 elementor-top-column elementor-element elementor-element-89a9ed4\" data-id=\"89a9ed4\" data-element_type=\"column\" data-e-type=\"column\">\n\t\t\t<div class=\"elementor-widget-wrap elementor-element-populated\">\n\t\t\t\t\t\t<div class=\"elementor-element elementor-element-ef419e6 elementor-widget elementor-widget-heading\" data-id=\"ef419e6\" data-element_type=\"widget\" data-e-type=\"widget\" data-widget_type=\"heading.default\">\n\t\t\t\t<div class=\"elementor-widget-container\">\n\t\t\t\t\t<h1 class=\"elementor-heading-title elementor-size-default\">TRADICI\u00d3N  KRISHNAMACHARYA<\/h1>\t\t\t\t<\/div>\n\t\t\t\t<\/div>\n\t\t\t\t<div class=\"elementor-element elementor-element-bf63979 elementor-widget elementor-widget-image\" data-id=\"bf63979\" data-element_type=\"widget\" data-e-type=\"widget\" data-widget_type=\"image.default\">\n\t\t\t\t<div class=\"elementor-widget-container\">\n\t\t\t\t\t\t\t\t\t\t\t\t\t\t\t<img decoding=\"async\" width=\"200\" height=\"40\" src=\"https:\/\/dendupratyoga.com\/wp-content\/uploads\/2022\/10\/Diseno-sin-titulo-28.png\" class=\"attachment-large size-large wp-image-2352\" alt=\"\" \/>\t\t\t\t\t\t\t\t\t\t\t\t\t\t\t<\/div>\n\t\t\t\t<\/div>\n\t\t\t\t<div class=\"elementor-element elementor-element-2b2db72 elementor-widget elementor-widget-heading\" data-id=\"2b2db72\" data-element_type=\"widget\" data-e-type=\"widget\" data-widget_type=\"heading.default\">\n\t\t\t\t<div class=\"elementor-widget-container\">\n\t\t\t\t\t<h2 class=\"elementor-heading-title elementor-size-default\">Krishnamacharya \u201cuna leyenda\u201d<\/h2>\t\t\t\t<\/div>\n\t\t\t\t<\/div>\n\t\t\t\t<div class=\"elementor-element elementor-element-bb42b63 elementor-widget elementor-widget-text-editor\" data-id=\"bb42b63\" data-element_type=\"widget\" data-e-type=\"widget\" data-widget_type=\"text-editor.default\">\n\t\t\t\t<div class=\"elementor-widget-container\">\n\t\t\t\t\t\t\t\t\t<p><span style=\"font-weight: 400;\">Quiz\u00e1 nunca hayas escuchado hablar de \u00e9l, pero es posible que Tirumalai Krishnamacharya haya influenciado e incluso inventado tu Yoga.<\/span><\/p><p><span style=\"font-weight: 400;\">Ya sea que practiques las series din\u00e1micas de Pattabhi Jois, el refinado alineamiento de B.K.S. Iyengar, las posturas cl\u00e1sicas de Indra Devi o el Vinyasa del ViniYoga hecho a tu medida, tu pr\u00e1ctica se origina en la misma fuente: un bramin de un metro cincuenta y cinco nacido hace m\u00e1s de cien a\u00f1os en una peque\u00f1a aldea del sur de la India. No cruz\u00f3 jam\u00e1s ning\u00fan oc\u00e9ano, pero el Yoga de Krishnamacharya se ha esparcido por toda Europa, Asia y las Am\u00e9ricas.<\/span><\/p><p><span style=\"font-weight: 400;\">Es dif\u00edcil encontrar hoy d\u00eda una tradici\u00f3n y\u00f3guica cuyas asanas no haya influenciado. Aun cuando aprendas de alg\u00fan yogui apartado ahora de las tradiciones asociadas con Krishnamacharya, es bastante probable que tu maestro haya estudiado previamente el m\u00e9todo Iyengar, Ashtanga, o Viniyoga antes de desarrollar su propio estilo. Rodney Yee, que aparece en numerosos y populares videos, estudi\u00f3 por ejemplo, con Iyengar. Richard Hittleman, un conocido yogui de la T.V. de los a\u00f1os 70 estudi\u00f3 con Devi.<\/span><\/p><p><span style=\"font-style: inherit;\">Otros profesores han incorporado ense\u00f1anzas de varios estilos basados en Krishnamacharya, creando a su vez m\u00e9todos particulares tales como el White Lotus Yoga de Ganga White y el ISHTA Yoga de Manny Finger. La mayor\u00eda de los profesores incluso de estilos no directamente relacionados con Krishnamacharya \u2013 Sivananda y Bikram yoga, por ejemplo \u2013 han sido influenciados por algunos aspectos de las ense\u00f1anzas de Krishnamacharya. Muchas de sus contribuciones han sido integradas de tal modo en el tejido de la tela del Yoga que, la fuente ha sido olvidada. Se dice que Krishnamacharya es responsable del moderno \u00e9nfasis en \u015airs\u0323\u0101sana (paro de cabeza) y Ssarv\u0101\u1e45g\u0101sana (equilibrio sobre los hombros). Fue pionero en el refinamiento de las posturas, en optimizar sus secuencias y en atribuir valor terap\u00e9utico a asanas espec\u00edficas. Al combinar pr\u0101n\u0323\u0101y\u0101ma y \u0101sanas, hizo de las posturas una parte integral de la meditaci\u00f3n, en lugar de ser un paso en el camino que a ella conduce. En efecto, la influencia de Krishnamacharya se puede apreciar, m\u00e1s n\u00edtidamente, en el \u00e9nfasis en la pr\u00e1ctica de \u0101sanas, que ha llegado a ser la r\u00fabrica del Yoga de hoy. Probablemente no ha existido otro yogui que haya desarrollado tan deliberadamente las pr\u00e1cticas f\u00edsicas. En el proceso, transform\u00f3 el Atha \u2013 que era un oscuro riachuelo del Yoga \u2013 en su cauce principal. El resurgimiento del Yoga en India le debe much\u00edsimo a sus innumerables tours y demostraciones, durante los a\u00f1os 30 y tambi\u00e9n a sus cuatro m\u00e1s famosos disc\u00edpulos \u2013 Jois, Iyengar, Devi y a su propio hijo T.K.V. Desikachar, que han jugado un enorme rol en la popularizaci\u00f3n del Yoga en Occidente.<\/span><\/p>\t\t\t\t\t\t\t\t<\/div>\n\t\t\t\t<\/div>\n\t\t\t\t\t<\/div>\n\t\t<\/div>\n\t\t\t\t\t<\/div>\n\t\t<\/section>\n\t\t\t\t<\/div>\n\t\t","protected":false},"excerpt":{"rendered":"<p>TRADICI\u00d3N KRISHNAMACHARYA Krishnamacharya \u201cuna leyenda\u201d Quiz\u00e1 nunca hayas escuchado hablar de \u00e9l, pero es posible que Tirumalai Krishnamacharya haya influenciado e incluso inventado tu Yoga. Ya sea que practiques las series din\u00e1micas de Pattabhi Jois, el refinado alineamiento de B.K.S. Iyengar, las posturas cl\u00e1sicas de Indra Devi o el Vinyasa del ViniYoga hecho a tu [&hellip;]<\/p>\n","protected":false},"author":2,"featured_media":0,"parent":0,"menu_order":0,"comment_status":"closed","ping_status":"closed","template":"","meta":{"site-sidebar-layout":"no-sidebar","site-content-layout":"page-builder","ast-site-content-layout":"default","site-content-style":"default","site-sidebar-style":"default","ast-global-header-display":"","ast-banner-title-visibility":"","ast-main-header-display":"","ast-hfb-above-header-display":"","ast-hfb-below-header-display":"","ast-hfb-mobile-header-display":"","site-post-title":"disabled","ast-breadcrumbs-content":"","ast-featured-img":"","footer-sml-layout":"","ast-disable-related-posts":"","theme-transparent-header-meta":"enabled","adv-header-id-meta":"","stick-header-meta":"","header-above-stick-meta":"","header-main-stick-meta":"","header-below-stick-meta":"","astra-migrate-meta-layouts":"default","ast-page-background-enabled":"default","ast-page-background-meta":{"desktop":{"background-color":"","background-image":"","background-repeat":"repeat","background-position":"center center","background-size":"auto","background-attachment":"scroll","background-type":"","background-media":"","overlay-type":"","overlay-color":"","overlay-opacity":"","overlay-gradient":""},"tablet":{"background-color":"","background-image":"","background-repeat":"repeat","background-position":"center center","background-size":"auto","background-attachment":"scroll","background-type":"","background-media":"","overlay-type":"","overlay-color":"","overlay-opacity":"","overlay-gradient":""},"mobile":{"background-color":"","background-image":"","background-repeat":"repeat","background-position":"center center","background-size":"auto","background-attachment":"scroll","background-type":"","background-media":"","overlay-type":"","overlay-color":"","overlay-opacity":"","overlay-gradient":""}},"ast-content-background-meta":{"desktop":{"background-color":"var(--ast-global-color-5)","background-image":"","background-repeat":"repeat","background-position":"center center","background-size":"auto","background-attachment":"scroll","background-type":"","background-media":"","overlay-type":"","overlay-color":"","overlay-opacity":"","overlay-gradient":""},"tablet":{"background-color":"var(--ast-global-color-5)","background-image":"","background-repeat":"repeat","background-position":"center center","background-size":"auto","background-attachment":"scroll","background-type":"","background-media":"","overlay-type":"","overlay-color":"","overlay-opacity":"","overlay-gradient":""},"mobile":{"background-color":"var(--ast-global-color-5)","background-image":"","background-repeat":"repeat","background-position":"center center","background-size":"auto","background-attachment":"scroll","background-type":"","background-media":"","overlay-type":"","overlay-color":"","overlay-opacity":"","overlay-gradient":""}},"footnotes":""},"class_list":["post-5323","page","type-page","status-publish","hentry"],"yoast_head":"<!-- This site is optimized with the Yoast SEO plugin v27.4 - https:\/\/yoast.com\/product\/yoast-seo-wordpress\/ -->\n<title>Kri\u015bnamacarya \u201cuna leyenda\u201d - Den Duprat Yoga<\/title>\n<meta name=\"robots\" content=\"index, follow, max-snippet:-1, max-image-preview:large, max-video-preview:-1\" \/>\n<link rel=\"canonical\" href=\"https:\/\/dendupratyoga.com\/krishnamacharya-a-legend\/\" \/>\n<meta property=\"og:locale\" content=\"es_ES\" \/>\n<meta property=\"og:type\" content=\"article\" \/>\n<meta property=\"og:title\" content=\"Kri\u015bnamacarya \u201cuna leyenda\u201d - Den Duprat Yoga\" \/>\n<meta property=\"og:description\" content=\"TRADICI\u00d3N KRISHNAMACHARYA Krishnamacharya \u201cuna leyenda\u201d Quiz\u00e1 nunca hayas escuchado hablar de \u00e9l, pero es posible que Tirumalai Krishnamacharya haya influenciado e incluso inventado tu Yoga. Ya sea que practiques las series din\u00e1micas de Pattabhi Jois, el refinado alineamiento de B.K.S. Iyengar, las posturas cl\u00e1sicas de Indra Devi o el Vinyasa del ViniYoga hecho a tu [&hellip;]\" \/>\n<meta property=\"og:url\" content=\"https:\/\/dendupratyoga.com\/krishnamacharya-a-legend\/\" \/>\n<meta property=\"og:site_name\" content=\"Den Duprat Yoga\" \/>\n<meta property=\"article:modified_time\" content=\"2023-09-18T20:59:06+00:00\" \/>\n<meta property=\"og:image\" content=\"http:\/\/c1641679.ferozo.com\/wp-content\/uploads\/2022\/10\/Diseno-sin-titulo-28.png\" \/>\n<meta name=\"twitter:card\" content=\"summary_large_image\" \/>\n<meta name=\"twitter:label1\" content=\"Tiempo de lectura\" \/>\n\t<meta name=\"twitter:data1\" content=\"1 minuto\" \/>\n<script type=\"application\/ld+json\" class=\"yoast-schema-graph\">{\"@context\":\"https:\\\/\\\/schema.org\",\"@graph\":[{\"@type\":\"WebPage\",\"@id\":\"https:\\\/\\\/dendupratyoga.com\\\/krishnamacharya-a-legend\\\/\",\"url\":\"https:\\\/\\\/dendupratyoga.com\\\/krishnamacharya-a-legend\\\/\",\"name\":\"Kri\u015bnamacarya \u201cuna leyenda\u201d - Den Duprat Yoga\",\"isPartOf\":{\"@id\":\"https:\\\/\\\/dendupratyoga.com\\\/es\\\/#website\"},\"primaryImageOfPage\":{\"@id\":\"https:\\\/\\\/dendupratyoga.com\\\/krishnamacharya-a-legend\\\/#primaryimage\"},\"image\":{\"@id\":\"https:\\\/\\\/dendupratyoga.com\\\/krishnamacharya-a-legend\\\/#primaryimage\"},\"thumbnailUrl\":\"http:\\\/\\\/c1641679.ferozo.com\\\/wp-content\\\/uploads\\\/2022\\\/10\\\/Diseno-sin-titulo-28.png\",\"datePublished\":\"2022-10-03T15:56:36+00:00\",\"dateModified\":\"2023-09-18T20:59:06+00:00\",\"breadcrumb\":{\"@id\":\"https:\\\/\\\/dendupratyoga.com\\\/krishnamacharya-a-legend\\\/#breadcrumb\"},\"inLanguage\":\"es\",\"potentialAction\":[{\"@type\":\"ReadAction\",\"target\":[\"https:\\\/\\\/dendupratyoga.com\\\/krishnamacharya-a-legend\\\/\"]}]},{\"@type\":\"ImageObject\",\"inLanguage\":\"es\",\"@id\":\"https:\\\/\\\/dendupratyoga.com\\\/krishnamacharya-a-legend\\\/#primaryimage\",\"url\":\"http:\\\/\\\/c1641679.ferozo.com\\\/wp-content\\\/uploads\\\/2022\\\/10\\\/Diseno-sin-titulo-28.png\",\"contentUrl\":\"http:\\\/\\\/c1641679.ferozo.com\\\/wp-content\\\/uploads\\\/2022\\\/10\\\/Diseno-sin-titulo-28.png\"},{\"@type\":\"BreadcrumbList\",\"@id\":\"https:\\\/\\\/dendupratyoga.com\\\/krishnamacharya-a-legend\\\/#breadcrumb\",\"itemListElement\":[{\"@type\":\"ListItem\",\"position\":1,\"name\":\"Portada\",\"item\":\"https:\\\/\\\/dendupratyoga.com\\\/es\\\/\"},{\"@type\":\"ListItem\",\"position\":2,\"name\":\"Kri\u015bnamacarya \u201cuna leyenda\u201d\"}]},{\"@type\":\"WebSite\",\"@id\":\"https:\\\/\\\/dendupratyoga.com\\\/es\\\/#website\",\"url\":\"https:\\\/\\\/dendupratyoga.com\\\/es\\\/\",\"name\":\"Den Duprat Yoga\",\"description\":\"Yoga in Australia\",\"publisher\":{\"@id\":\"https:\\\/\\\/dendupratyoga.com\\\/es\\\/#organization\"},\"potentialAction\":[{\"@type\":\"SearchAction\",\"target\":{\"@type\":\"EntryPoint\",\"urlTemplate\":\"https:\\\/\\\/dendupratyoga.com\\\/es\\\/?s={search_term_string}\"},\"query-input\":{\"@type\":\"PropertyValueSpecification\",\"valueRequired\":true,\"valueName\":\"search_term_string\"}}],\"inLanguage\":\"es\"},{\"@type\":\"Organization\",\"@id\":\"https:\\\/\\\/dendupratyoga.com\\\/es\\\/#organization\",\"name\":\"Den Duprat Yoga\",\"url\":\"https:\\\/\\\/dendupratyoga.com\\\/es\\\/\",\"logo\":{\"@type\":\"ImageObject\",\"inLanguage\":\"es\",\"@id\":\"https:\\\/\\\/dendupratyoga.com\\\/es\\\/#\\\/schema\\\/logo\\\/image\\\/\",\"url\":\"https:\\\/\\\/dendupratyoga.com\\\/wp-content\\\/uploads\\\/2024\\\/02\\\/para-juli-con-cambio-color-letra-Logo-yogui-loto-name-1.svg\",\"contentUrl\":\"https:\\\/\\\/dendupratyoga.com\\\/wp-content\\\/uploads\\\/2024\\\/02\\\/para-juli-con-cambio-color-letra-Logo-yogui-loto-name-1.svg\",\"width\":500,\"height\":500,\"caption\":\"Den Duprat Yoga\"},\"image\":{\"@id\":\"https:\\\/\\\/dendupratyoga.com\\\/es\\\/#\\\/schema\\\/logo\\\/image\\\/\"}}]}<\/script>\n<!-- \/ Yoast SEO plugin. -->","yoast_head_json":{"title":"Kri\u015bnamacarya \u201cuna leyenda\u201d - Den Duprat Yoga","robots":{"index":"index","follow":"follow","max-snippet":"max-snippet:-1","max-image-preview":"max-image-preview:large","max-video-preview":"max-video-preview:-1"},"canonical":"https:\/\/dendupratyoga.com\/krishnamacharya-a-legend\/","og_locale":"es_ES","og_type":"article","og_title":"Kri\u015bnamacarya \u201cuna leyenda\u201d - Den Duprat Yoga","og_description":"TRADICI\u00d3N KRISHNAMACHARYA Krishnamacharya \u201cuna leyenda\u201d Quiz\u00e1 nunca hayas escuchado hablar de \u00e9l, pero es posible que Tirumalai Krishnamacharya haya influenciado e incluso inventado tu Yoga. Ya sea que practiques las series din\u00e1micas de Pattabhi Jois, el refinado alineamiento de B.K.S. Iyengar, las posturas cl\u00e1sicas de Indra Devi o el Vinyasa del ViniYoga hecho a tu [&hellip;]","og_url":"https:\/\/dendupratyoga.com\/krishnamacharya-a-legend\/","og_site_name":"Den Duprat Yoga","article_modified_time":"2023-09-18T20:59:06+00:00","og_image":[{"url":"http:\/\/c1641679.ferozo.com\/wp-content\/uploads\/2022\/10\/Diseno-sin-titulo-28.png","type":"","width":"","height":""}],"twitter_card":"summary_large_image","twitter_misc":{"Tiempo de lectura":"1 minuto"},"schema":{"@context":"https:\/\/schema.org","@graph":[{"@type":"WebPage","@id":"https:\/\/dendupratyoga.com\/krishnamacharya-a-legend\/","url":"https:\/\/dendupratyoga.com\/krishnamacharya-a-legend\/","name":"Kri\u015bnamacarya \u201cuna leyenda\u201d - Den Duprat Yoga","isPartOf":{"@id":"https:\/\/dendupratyoga.com\/es\/#website"},"primaryImageOfPage":{"@id":"https:\/\/dendupratyoga.com\/krishnamacharya-a-legend\/#primaryimage"},"image":{"@id":"https:\/\/dendupratyoga.com\/krishnamacharya-a-legend\/#primaryimage"},"thumbnailUrl":"http:\/\/c1641679.ferozo.com\/wp-content\/uploads\/2022\/10\/Diseno-sin-titulo-28.png","datePublished":"2022-10-03T15:56:36+00:00","dateModified":"2023-09-18T20:59:06+00:00","breadcrumb":{"@id":"https:\/\/dendupratyoga.com\/krishnamacharya-a-legend\/#breadcrumb"},"inLanguage":"es","potentialAction":[{"@type":"ReadAction","target":["https:\/\/dendupratyoga.com\/krishnamacharya-a-legend\/"]}]},{"@type":"ImageObject","inLanguage":"es","@id":"https:\/\/dendupratyoga.com\/krishnamacharya-a-legend\/#primaryimage","url":"http:\/\/c1641679.ferozo.com\/wp-content\/uploads\/2022\/10\/Diseno-sin-titulo-28.png","contentUrl":"http:\/\/c1641679.ferozo.com\/wp-content\/uploads\/2022\/10\/Diseno-sin-titulo-28.png"},{"@type":"BreadcrumbList","@id":"https:\/\/dendupratyoga.com\/krishnamacharya-a-legend\/#breadcrumb","itemListElement":[{"@type":"ListItem","position":1,"name":"Portada","item":"https:\/\/dendupratyoga.com\/es\/"},{"@type":"ListItem","position":2,"name":"Kri\u015bnamacarya \u201cuna leyenda\u201d"}]},{"@type":"WebSite","@id":"https:\/\/dendupratyoga.com\/es\/#website","url":"https:\/\/dendupratyoga.com\/es\/","name":"Den Duprat Yoga","description":"Yoga in Australia","publisher":{"@id":"https:\/\/dendupratyoga.com\/es\/#organization"},"potentialAction":[{"@type":"SearchAction","target":{"@type":"EntryPoint","urlTemplate":"https:\/\/dendupratyoga.com\/es\/?s={search_term_string}"},"query-input":{"@type":"PropertyValueSpecification","valueRequired":true,"valueName":"search_term_string"}}],"inLanguage":"es"},{"@type":"Organization","@id":"https:\/\/dendupratyoga.com\/es\/#organization","name":"Den Duprat Yoga","url":"https:\/\/dendupratyoga.com\/es\/","logo":{"@type":"ImageObject","inLanguage":"es","@id":"https:\/\/dendupratyoga.com\/es\/#\/schema\/logo\/image\/","url":"https:\/\/dendupratyoga.com\/wp-content\/uploads\/2024\/02\/para-juli-con-cambio-color-letra-Logo-yogui-loto-name-1.svg","contentUrl":"https:\/\/dendupratyoga.com\/wp-content\/uploads\/2024\/02\/para-juli-con-cambio-color-letra-Logo-yogui-loto-name-1.svg","width":500,"height":500,"caption":"Den Duprat Yoga"},"image":{"@id":"https:\/\/dendupratyoga.com\/es\/#\/schema\/logo\/image\/"}}]}},"_links":{"self":[{"href":"https:\/\/dendupratyoga.com\/es\/wp-json\/wp\/v2\/pages\/5323","targetHints":{"allow":["GET"]}}],"collection":[{"href":"https:\/\/dendupratyoga.com\/es\/wp-json\/wp\/v2\/pages"}],"about":[{"href":"https:\/\/dendupratyoga.com\/es\/wp-json\/wp\/v2\/types\/page"}],"author":[{"embeddable":true,"href":"https:\/\/dendupratyoga.com\/es\/wp-json\/wp\/v2\/users\/2"}],"replies":[{"embeddable":true,"href":"https:\/\/dendupratyoga.com\/es\/wp-json\/wp\/v2\/comments?post=5323"}],"version-history":[{"count":2,"href":"https:\/\/dendupratyoga.com\/es\/wp-json\/wp\/v2\/pages\/5323\/revisions"}],"predecessor-version":[{"id":5798,"href":"https:\/\/dendupratyoga.com\/es\/wp-json\/wp\/v2\/pages\/5323\/revisions\/5798"}],"wp:attachment":[{"href":"https:\/\/dendupratyoga.com\/es\/wp-json\/wp\/v2\/media?parent=5323"}],"curies":[{"name":"wp","href":"https:\/\/api.w.org\/{rel}","templated":true}]}}