{"id":5339,"date":"2023-02-13T20:04:08","date_gmt":"2023-02-13T20:04:08","guid":{"rendered":"http:\/\/c1641679.ferozo.com\/canto-vedico\/"},"modified":"2024-02-26T17:31:51","modified_gmt":"2024-02-26T17:31:51","slug":"canto-vedico","status":"publish","type":"page","link":"https:\/\/dendupratyoga.com\/es\/canto-vedico\/","title":{"rendered":"CANTO V\u00c9DICO"},"content":{"rendered":"\t\t<div data-elementor-type=\"wp-page\" data-elementor-id=\"5339\" class=\"elementor elementor-5339\" data-elementor-post-type=\"page\">\n\t\t\t\t\t\t<section class=\"elementor-section elementor-top-section elementor-element elementor-element-3f3315c elementor-section-boxed elementor-section-height-default elementor-section-height-default\" data-id=\"3f3315c\" data-element_type=\"section\" data-e-type=\"section\">\n\t\t\t\t\t\t<div class=\"elementor-container elementor-column-gap-default\">\n\t\t\t\t\t<div class=\"elementor-column elementor-col-100 elementor-top-column elementor-element elementor-element-65ea082\" data-id=\"65ea082\" data-element_type=\"column\" data-e-type=\"column\">\n\t\t\t<div class=\"elementor-widget-wrap elementor-element-populated\">\n\t\t\t\t\t\t<div class=\"elementor-element elementor-element-1f33a88 elementor-widget elementor-widget-heading\" data-id=\"1f33a88\" data-element_type=\"widget\" data-e-type=\"widget\" data-widget_type=\"heading.default\">\n\t\t\t\t<div class=\"elementor-widget-container\">\n\t\t\t\t\t<h1 class=\"elementor-heading-title elementor-size-default\">CANTO V\u00c9DICO<\/h1>\t\t\t\t<\/div>\n\t\t\t\t<\/div>\n\t\t\t\t<div class=\"elementor-element elementor-element-b9e3dd8 elementor-widget elementor-widget-image\" data-id=\"b9e3dd8\" data-element_type=\"widget\" data-e-type=\"widget\" data-widget_type=\"image.default\">\n\t\t\t\t<div class=\"elementor-widget-container\">\n\t\t\t\t\t\t\t\t\t\t\t\t\t\t\t<img decoding=\"async\" width=\"200\" height=\"40\" src=\"https:\/\/dendupratyoga.com\/wp-content\/uploads\/2022\/10\/Diseno-sin-titulo-28.png\" class=\"attachment-large size-large wp-image-2352\" alt=\"\" \/>\t\t\t\t\t\t\t\t\t\t\t\t\t\t\t<\/div>\n\t\t\t\t<\/div>\n\t\t\t\t\t<\/div>\n\t\t<\/div>\n\t\t\t\t\t<\/div>\n\t\t<\/section>\n\t\t\t\t<section class=\"elementor-section elementor-top-section elementor-element elementor-element-2266244 elementor-section-boxed elementor-section-height-default elementor-section-height-default\" data-id=\"2266244\" data-element_type=\"section\" data-e-type=\"section\" data-settings=\"{&quot;background_background&quot;:&quot;classic&quot;}\">\n\t\t\t\t\t\t<div class=\"elementor-container elementor-column-gap-default\">\n\t\t\t\t\t<div class=\"elementor-column elementor-col-100 elementor-top-column elementor-element elementor-element-0c4d916\" data-id=\"0c4d916\" data-element_type=\"column\" data-e-type=\"column\">\n\t\t\t<div class=\"elementor-widget-wrap elementor-element-populated\">\n\t\t\t\t\t\t<section class=\"elementor-section elementor-inner-section elementor-element elementor-element-e93d2f8 elementor-section-height-min-height elementor-section-boxed elementor-section-height-default\" data-id=\"e93d2f8\" data-element_type=\"section\" data-e-type=\"section\">\n\t\t\t\t\t\t<div class=\"elementor-container elementor-column-gap-default\">\n\t\t\t\t\t<div class=\"elementor-column elementor-col-100 elementor-inner-column elementor-element elementor-element-47c4834\" data-id=\"47c4834\" data-element_type=\"column\" data-e-type=\"column\">\n\t\t\t<div class=\"elementor-widget-wrap elementor-element-populated\">\n\t\t\t\t\t\t<div class=\"elementor-element elementor-element-cb6bc0c elementor-button-info elementor-align-justify elementor-widget elementor-widget-button\" data-id=\"cb6bc0c\" data-element_type=\"widget\" data-e-type=\"widget\" data-widget_type=\"button.default\">\n\t\t\t\t<div class=\"elementor-widget-container\">\n\t\t\t\t\t\t\t\t\t<div class=\"elementor-button-wrapper\">\n\t\t\t\t\t<a class=\"elementor-button elementor-button-link elementor-size-sm\" href=\"https:\/\/dendupratyoga.com\/es\/canto-vedico-que-son-los-vedas\/\" id=\"botonescantovedico\">\n\t\t\t\t\t\t<span class=\"elementor-button-content-wrapper\">\n\t\t\t\t\t\t\t\t\t<span class=\"elementor-button-text\">\u00bfQU\u00c9 SON LOS VEDAS?<\/span>\n\t\t\t\t\t<\/span>\n\t\t\t\t\t<\/a>\n\t\t\t\t<\/div>\n\t\t\t\t\t\t\t\t<\/div>\n\t\t\t\t<\/div>\n\t\t\t\t<div class=\"elementor-element elementor-element-189fabc elementor-button-info elementor-align-justify elementor-widget elementor-widget-button\" data-id=\"189fabc\" data-element_type=\"widget\" data-e-type=\"widget\" data-widget_type=\"button.default\">\n\t\t\t\t<div class=\"elementor-widget-container\">\n\t\t\t\t\t\t\t\t\t<div class=\"elementor-button-wrapper\">\n\t\t\t\t\t<a class=\"elementor-button elementor-button-link elementor-size-sm\" href=\"https:\/\/dendupratyoga.com\/es\/canto-vedico-como-es-la-practica-de-canto-vedico\/\" id=\"botonescantovedico\">\n\t\t\t\t\t\t<span class=\"elementor-button-content-wrapper\">\n\t\t\t\t\t\t\t\t\t<span class=\"elementor-button-text\">\u00bfC\u00d3MO ES LA PR\u00c1CTICA DE CANTO V\u00c9DICO?<\/span>\n\t\t\t\t\t<\/span>\n\t\t\t\t\t<\/a>\n\t\t\t\t<\/div>\n\t\t\t\t\t\t\t\t<\/div>\n\t\t\t\t<\/div>\n\t\t\t\t<div class=\"elementor-element elementor-element-30a5f37 elementor-button-info elementor-align-justify elementor-widget elementor-widget-button\" data-id=\"30a5f37\" data-element_type=\"widget\" data-e-type=\"widget\" data-widget_type=\"button.default\">\n\t\t\t\t<div class=\"elementor-widget-container\">\n\t\t\t\t\t\t\t\t\t<div class=\"elementor-button-wrapper\">\n\t\t\t\t\t<a class=\"elementor-button elementor-button-link elementor-size-sm\" href=\"https:\/\/dendupratyoga.com\/es\/canto-vedico-cuales-son-los-beneficios-de-esta-practica\/\" id=\"botonescantovedico\">\n\t\t\t\t\t\t<span class=\"elementor-button-content-wrapper\">\n\t\t\t\t\t\t\t\t\t<span class=\"elementor-button-text\">\u00bfCU\u00c1LES SON LOS BENEFICIOS DE EST\u00c1 PR\u00c1CTICA?<\/span>\n\t\t\t\t\t<\/span>\n\t\t\t\t\t<\/a>\n\t\t\t\t<\/div>\n\t\t\t\t\t\t\t\t<\/div>\n\t\t\t\t<\/div>\n\t\t\t\t<div class=\"elementor-element elementor-element-f6b6c3b elementor-button-info elementor-align-justify elementor-widget elementor-widget-button\" data-id=\"f6b6c3b\" data-element_type=\"widget\" data-e-type=\"widget\" data-widget_type=\"button.default\">\n\t\t\t\t<div class=\"elementor-widget-container\">\n\t\t\t\t\t\t\t\t\t<div class=\"elementor-button-wrapper\">\n\t\t\t\t\t<a class=\"elementor-button elementor-button-link elementor-size-sm\" href=\"https:\/\/dendupratyoga.com\/es\/canto-vedico-como-es-el-metodo-de-aprendizaje\/\" id=\"botonescantovedico\">\n\t\t\t\t\t\t<span class=\"elementor-button-content-wrapper\">\n\t\t\t\t\t\t\t\t\t<span class=\"elementor-button-text\">\u00bfC\u00d3MO ES EL M\u00c9TODO DE APRENDIZAJE? <\/span>\n\t\t\t\t\t<\/span>\n\t\t\t\t\t<\/a>\n\t\t\t\t<\/div>\n\t\t\t\t\t\t\t\t<\/div>\n\t\t\t\t<\/div>\n\t\t\t\t<div class=\"elementor-element elementor-element-6cb4390 elementor-button-info elementor-align-justify elementor-widget elementor-widget-button\" data-id=\"6cb4390\" data-element_type=\"widget\" data-e-type=\"widget\" data-widget_type=\"button.default\">\n\t\t\t\t<div class=\"elementor-widget-container\">\n\t\t\t\t\t\t\t\t\t<div class=\"elementor-button-wrapper\">\n\t\t\t\t\t<a class=\"elementor-button elementor-button-link elementor-size-sm\" href=\"https:\/\/dendupratyoga.com\/es\/canto-vedico-quien-puede-practicar-canto-vedico\/\" id=\"botonescantovedico\">\n\t\t\t\t\t\t<span class=\"elementor-button-content-wrapper\">\n\t\t\t\t\t\t\t\t\t<span class=\"elementor-button-text\">\u00bfQUI\u00c9N PUEDE PRACTICAR CANTO V\u00c9DICO?<\/span>\n\t\t\t\t\t<\/span>\n\t\t\t\t\t<\/a>\n\t\t\t\t<\/div>\n\t\t\t\t\t\t\t\t<\/div>\n\t\t\t\t<\/div>\n\t\t\t\t<div class=\"elementor-element elementor-element-dcb6b46 elementor-button-info elementor-align-justify elementor-widget elementor-widget-button\" data-id=\"dcb6b46\" data-element_type=\"widget\" data-e-type=\"widget\" data-widget_type=\"button.default\">\n\t\t\t\t<div class=\"elementor-widget-container\">\n\t\t\t\t\t\t\t\t\t<div class=\"elementor-button-wrapper\">\n\t\t\t\t\t<a class=\"elementor-button elementor-button-link elementor-size-sm\" href=\"https:\/\/dendupratyoga.com\/es\/canto-vedico-escuchar-cantos\/\" id=\"botonescantovedico\">\n\t\t\t\t\t\t<span class=\"elementor-button-content-wrapper\">\n\t\t\t\t\t\t\t\t\t<span class=\"elementor-button-text\">ESCUCHAR CANTOS<\/span>\n\t\t\t\t\t<\/span>\n\t\t\t\t\t<\/a>\n\t\t\t\t<\/div>\n\t\t\t\t\t\t\t\t<\/div>\n\t\t\t\t<\/div>\n\t\t\t\t\t<\/div>\n\t\t<\/div>\n\t\t\t\t\t<\/div>\n\t\t<\/section>\n\t\t\t\t\t<\/div>\n\t\t<\/div>\n\t\t\t\t\t<\/div>\n\t\t<\/section>\n\t\t\t\t<\/div>\n\t\t","protected":false},"excerpt":{"rendered":"<p>CANTO V\u00c9DICO \u00bfQU\u00c9 SON LOS VEDAS? \u00bfC\u00d3MO ES LA PR\u00c1CTICA DE CANTO V\u00c9DICO? \u00bfCU\u00c1LES SON LOS BENEFICIOS DE EST\u00c1 PR\u00c1CTICA? \u00bfC\u00d3MO ES EL M\u00c9TODO DE APRENDIZAJE? \u00bfQUI\u00c9N PUEDE PRACTICAR CANTO V\u00c9DICO? ESCUCHAR CANTOS<\/p>\n","protected":false},"author":2,"featured_media":0,"parent":0,"menu_order":0,"comment_status":"closed","ping_status":"closed","template":"","meta":{"site-sidebar-layout":"no-sidebar","site-content-layout":"page-builder","ast-site-content-layout":"default","site-content-style":"default","site-sidebar-style":"default","ast-global-header-display":"","ast-banner-title-visibility":"","ast-main-header-display":"","ast-hfb-above-header-display":"","ast-hfb-below-header-display":"","ast-hfb-mobile-header-display":"","site-post-title":"disabled","ast-breadcrumbs-content":"","ast-featured-img":"","footer-sml-layout":"","ast-disable-related-posts":"","theme-transparent-header-meta":"enabled","adv-header-id-meta":"","stick-header-meta":"","header-above-stick-meta":"","header-main-stick-meta":"","header-below-stick-meta":"","astra-migrate-meta-layouts":"default","ast-page-background-enabled":"default","ast-page-background-meta":{"desktop":{"background-color":"","background-image":"","background-repeat":"repeat","background-position":"center center","background-size":"auto","background-attachment":"scroll","background-type":"","background-media":"","overlay-type":"","overlay-color":"","overlay-opacity":"","overlay-gradient":""},"tablet":{"background-color":"","background-image":"","background-repeat":"repeat","background-position":"center center","background-size":"auto","background-attachment":"scroll","background-type":"","background-media":"","overlay-type":"","overlay-color":"","overlay-opacity":"","overlay-gradient":""},"mobile":{"background-color":"","background-image":"","background-repeat":"repeat","background-position":"center center","background-size":"auto","background-attachment":"scroll","background-type":"","background-media":"","overlay-type":"","overlay-color":"","overlay-opacity":"","overlay-gradient":""}},"ast-content-background-meta":{"desktop":{"background-color":"var(--ast-global-color-5)","background-image":"","background-repeat":"repeat","background-position":"center center","background-size":"auto","background-attachment":"scroll","background-type":"","background-media":"","overlay-type":"","overlay-color":"","overlay-opacity":"","overlay-gradient":""},"tablet":{"background-color":"var(--ast-global-color-5)","background-image":"","background-repeat":"repeat","background-position":"center center","background-size":"auto","background-attachment":"scroll","background-type":"","background-media":"","overlay-type":"","overlay-color":"","overlay-opacity":"","overlay-gradient":""},"mobile":{"background-color":"var(--ast-global-color-5)","background-image":"","background-repeat":"repeat","background-position":"center center","background-size":"auto","background-attachment":"scroll","background-type":"","background-media":"","overlay-type":"","overlay-color":"","overlay-opacity":"","overlay-gradient":""}},"footnotes":""},"class_list":["post-5339","page","type-page","status-publish","hentry"],"yoast_head":"<!-- This site is optimized with the Yoast SEO plugin v27.4 - https:\/\/yoast.com\/product\/yoast-seo-wordpress\/ -->\n<title>CANTO V\u00c9DICO - Den Duprat Yoga<\/title>\n<meta name=\"robots\" content=\"index, follow, max-snippet:-1, max-image-preview:large, max-video-preview:-1\" \/>\n<link rel=\"canonical\" href=\"https:\/\/dendupratyoga.com\/vedic-chant\/\" \/>\n<meta property=\"og:locale\" content=\"es_ES\" \/>\n<meta property=\"og:type\" content=\"article\" \/>\n<meta property=\"og:title\" content=\"CANTO V\u00c9DICO - Den Duprat Yoga\" \/>\n<meta property=\"og:description\" content=\"CANTO V\u00c9DICO \u00bfQU\u00c9 SON LOS VEDAS? \u00bfC\u00d3MO ES LA PR\u00c1CTICA DE CANTO V\u00c9DICO? \u00bfCU\u00c1LES SON LOS BENEFICIOS DE EST\u00c1 PR\u00c1CTICA? \u00bfC\u00d3MO ES EL M\u00c9TODO DE APRENDIZAJE? \u00bfQUI\u00c9N PUEDE PRACTICAR CANTO V\u00c9DICO? ESCUCHAR CANTOS\" \/>\n<meta property=\"og:url\" content=\"https:\/\/dendupratyoga.com\/vedic-chant\/\" \/>\n<meta property=\"og:site_name\" content=\"Den Duprat Yoga\" \/>\n<meta property=\"article:modified_time\" content=\"2024-02-26T17:31:51+00:00\" \/>\n<meta property=\"og:image\" content=\"https:\/\/dendupratyoga.com\/wp-content\/uploads\/2022\/10\/Diseno-sin-titulo-28.png\" \/>\n<meta name=\"twitter:card\" content=\"summary_large_image\" \/>\n<meta name=\"twitter:label1\" content=\"Tiempo de lectura\" \/>\n\t<meta name=\"twitter:data1\" content=\"1 minuto\" \/>\n<script type=\"application\/ld+json\" class=\"yoast-schema-graph\">{\"@context\":\"https:\\\/\\\/schema.org\",\"@graph\":[{\"@type\":\"WebPage\",\"@id\":\"https:\\\/\\\/dendupratyoga.com\\\/vedic-chant\\\/\",\"url\":\"https:\\\/\\\/dendupratyoga.com\\\/vedic-chant\\\/\",\"name\":\"CANTO V\u00c9DICO - Den Duprat Yoga\",\"isPartOf\":{\"@id\":\"https:\\\/\\\/dendupratyoga.com\\\/es\\\/#website\"},\"primaryImageOfPage\":{\"@id\":\"https:\\\/\\\/dendupratyoga.com\\\/vedic-chant\\\/#primaryimage\"},\"image\":{\"@id\":\"https:\\\/\\\/dendupratyoga.com\\\/vedic-chant\\\/#primaryimage\"},\"thumbnailUrl\":\"https:\\\/\\\/dendupratyoga.com\\\/wp-content\\\/uploads\\\/2022\\\/10\\\/Diseno-sin-titulo-28.png\",\"datePublished\":\"2023-02-13T20:04:08+00:00\",\"dateModified\":\"2024-02-26T17:31:51+00:00\",\"breadcrumb\":{\"@id\":\"https:\\\/\\\/dendupratyoga.com\\\/vedic-chant\\\/#breadcrumb\"},\"inLanguage\":\"es\",\"potentialAction\":[{\"@type\":\"ReadAction\",\"target\":[\"https:\\\/\\\/dendupratyoga.com\\\/vedic-chant\\\/\"]}]},{\"@type\":\"ImageObject\",\"inLanguage\":\"es\",\"@id\":\"https:\\\/\\\/dendupratyoga.com\\\/vedic-chant\\\/#primaryimage\",\"url\":\"https:\\\/\\\/dendupratyoga.com\\\/wp-content\\\/uploads\\\/2022\\\/10\\\/Diseno-sin-titulo-28.png\",\"contentUrl\":\"https:\\\/\\\/dendupratyoga.com\\\/wp-content\\\/uploads\\\/2022\\\/10\\\/Diseno-sin-titulo-28.png\"},{\"@type\":\"BreadcrumbList\",\"@id\":\"https:\\\/\\\/dendupratyoga.com\\\/vedic-chant\\\/#breadcrumb\",\"itemListElement\":[{\"@type\":\"ListItem\",\"position\":1,\"name\":\"Portada\",\"item\":\"https:\\\/\\\/dendupratyoga.com\\\/es\\\/\"},{\"@type\":\"ListItem\",\"position\":2,\"name\":\"CANTO V\u00c9DICO\"}]},{\"@type\":\"WebSite\",\"@id\":\"https:\\\/\\\/dendupratyoga.com\\\/es\\\/#website\",\"url\":\"https:\\\/\\\/dendupratyoga.com\\\/es\\\/\",\"name\":\"Den Duprat Yoga\",\"description\":\"Yoga in Australia\",\"publisher\":{\"@id\":\"https:\\\/\\\/dendupratyoga.com\\\/es\\\/#organization\"},\"potentialAction\":[{\"@type\":\"SearchAction\",\"target\":{\"@type\":\"EntryPoint\",\"urlTemplate\":\"https:\\\/\\\/dendupratyoga.com\\\/es\\\/?s={search_term_string}\"},\"query-input\":{\"@type\":\"PropertyValueSpecification\",\"valueRequired\":true,\"valueName\":\"search_term_string\"}}],\"inLanguage\":\"es\"},{\"@type\":\"Organization\",\"@id\":\"https:\\\/\\\/dendupratyoga.com\\\/es\\\/#organization\",\"name\":\"Den Duprat Yoga\",\"url\":\"https:\\\/\\\/dendupratyoga.com\\\/es\\\/\",\"logo\":{\"@type\":\"ImageObject\",\"inLanguage\":\"es\",\"@id\":\"https:\\\/\\\/dendupratyoga.com\\\/es\\\/#\\\/schema\\\/logo\\\/image\\\/\",\"url\":\"https:\\\/\\\/dendupratyoga.com\\\/wp-content\\\/uploads\\\/2024\\\/02\\\/para-juli-con-cambio-color-letra-Logo-yogui-loto-name-1.svg\",\"contentUrl\":\"https:\\\/\\\/dendupratyoga.com\\\/wp-content\\\/uploads\\\/2024\\\/02\\\/para-juli-con-cambio-color-letra-Logo-yogui-loto-name-1.svg\",\"width\":500,\"height\":500,\"caption\":\"Den Duprat Yoga\"},\"image\":{\"@id\":\"https:\\\/\\\/dendupratyoga.com\\\/es\\\/#\\\/schema\\\/logo\\\/image\\\/\"}}]}<\/script>\n<!-- \/ Yoast SEO plugin. -->","yoast_head_json":{"title":"CANTO V\u00c9DICO - Den Duprat Yoga","robots":{"index":"index","follow":"follow","max-snippet":"max-snippet:-1","max-image-preview":"max-image-preview:large","max-video-preview":"max-video-preview:-1"},"canonical":"https:\/\/dendupratyoga.com\/vedic-chant\/","og_locale":"es_ES","og_type":"article","og_title":"CANTO V\u00c9DICO - Den Duprat Yoga","og_description":"CANTO V\u00c9DICO \u00bfQU\u00c9 SON LOS VEDAS? \u00bfC\u00d3MO ES LA PR\u00c1CTICA DE CANTO V\u00c9DICO? \u00bfCU\u00c1LES SON LOS BENEFICIOS DE EST\u00c1 PR\u00c1CTICA? \u00bfC\u00d3MO ES EL M\u00c9TODO DE APRENDIZAJE? \u00bfQUI\u00c9N PUEDE PRACTICAR CANTO V\u00c9DICO? ESCUCHAR CANTOS","og_url":"https:\/\/dendupratyoga.com\/vedic-chant\/","og_site_name":"Den Duprat Yoga","article_modified_time":"2024-02-26T17:31:51+00:00","og_image":[{"url":"https:\/\/dendupratyoga.com\/wp-content\/uploads\/2022\/10\/Diseno-sin-titulo-28.png","type":"","width":"","height":""}],"twitter_card":"summary_large_image","twitter_misc":{"Tiempo de lectura":"1 minuto"},"schema":{"@context":"https:\/\/schema.org","@graph":[{"@type":"WebPage","@id":"https:\/\/dendupratyoga.com\/vedic-chant\/","url":"https:\/\/dendupratyoga.com\/vedic-chant\/","name":"CANTO V\u00c9DICO - Den Duprat Yoga","isPartOf":{"@id":"https:\/\/dendupratyoga.com\/es\/#website"},"primaryImageOfPage":{"@id":"https:\/\/dendupratyoga.com\/vedic-chant\/#primaryimage"},"image":{"@id":"https:\/\/dendupratyoga.com\/vedic-chant\/#primaryimage"},"thumbnailUrl":"https:\/\/dendupratyoga.com\/wp-content\/uploads\/2022\/10\/Diseno-sin-titulo-28.png","datePublished":"2023-02-13T20:04:08+00:00","dateModified":"2024-02-26T17:31:51+00:00","breadcrumb":{"@id":"https:\/\/dendupratyoga.com\/vedic-chant\/#breadcrumb"},"inLanguage":"es","potentialAction":[{"@type":"ReadAction","target":["https:\/\/dendupratyoga.com\/vedic-chant\/"]}]},{"@type":"ImageObject","inLanguage":"es","@id":"https:\/\/dendupratyoga.com\/vedic-chant\/#primaryimage","url":"https:\/\/dendupratyoga.com\/wp-content\/uploads\/2022\/10\/Diseno-sin-titulo-28.png","contentUrl":"https:\/\/dendupratyoga.com\/wp-content\/uploads\/2022\/10\/Diseno-sin-titulo-28.png"},{"@type":"BreadcrumbList","@id":"https:\/\/dendupratyoga.com\/vedic-chant\/#breadcrumb","itemListElement":[{"@type":"ListItem","position":1,"name":"Portada","item":"https:\/\/dendupratyoga.com\/es\/"},{"@type":"ListItem","position":2,"name":"CANTO V\u00c9DICO"}]},{"@type":"WebSite","@id":"https:\/\/dendupratyoga.com\/es\/#website","url":"https:\/\/dendupratyoga.com\/es\/","name":"Den Duprat Yoga","description":"Yoga in Australia","publisher":{"@id":"https:\/\/dendupratyoga.com\/es\/#organization"},"potentialAction":[{"@type":"SearchAction","target":{"@type":"EntryPoint","urlTemplate":"https:\/\/dendupratyoga.com\/es\/?s={search_term_string}"},"query-input":{"@type":"PropertyValueSpecification","valueRequired":true,"valueName":"search_term_string"}}],"inLanguage":"es"},{"@type":"Organization","@id":"https:\/\/dendupratyoga.com\/es\/#organization","name":"Den Duprat Yoga","url":"https:\/\/dendupratyoga.com\/es\/","logo":{"@type":"ImageObject","inLanguage":"es","@id":"https:\/\/dendupratyoga.com\/es\/#\/schema\/logo\/image\/","url":"https:\/\/dendupratyoga.com\/wp-content\/uploads\/2024\/02\/para-juli-con-cambio-color-letra-Logo-yogui-loto-name-1.svg","contentUrl":"https:\/\/dendupratyoga.com\/wp-content\/uploads\/2024\/02\/para-juli-con-cambio-color-letra-Logo-yogui-loto-name-1.svg","width":500,"height":500,"caption":"Den Duprat Yoga"},"image":{"@id":"https:\/\/dendupratyoga.com\/es\/#\/schema\/logo\/image\/"}}]}},"_links":{"self":[{"href":"https:\/\/dendupratyoga.com\/es\/wp-json\/wp\/v2\/pages\/5339","targetHints":{"allow":["GET"]}}],"collection":[{"href":"https:\/\/dendupratyoga.com\/es\/wp-json\/wp\/v2\/pages"}],"about":[{"href":"https:\/\/dendupratyoga.com\/es\/wp-json\/wp\/v2\/types\/page"}],"author":[{"embeddable":true,"href":"https:\/\/dendupratyoga.com\/es\/wp-json\/wp\/v2\/users\/2"}],"replies":[{"embeddable":true,"href":"https:\/\/dendupratyoga.com\/es\/wp-json\/wp\/v2\/comments?post=5339"}],"version-history":[{"count":16,"href":"https:\/\/dendupratyoga.com\/es\/wp-json\/wp\/v2\/pages\/5339\/revisions"}],"predecessor-version":[{"id":6021,"href":"https:\/\/dendupratyoga.com\/es\/wp-json\/wp\/v2\/pages\/5339\/revisions\/6021"}],"wp:attachment":[{"href":"https:\/\/dendupratyoga.com\/es\/wp-json\/wp\/v2\/media?parent=5339"}],"curies":[{"name":"wp","href":"https:\/\/api.w.org\/{rel}","templated":true}]}}