{"id":5342,"date":"2022-10-05T11:19:01","date_gmt":"2022-10-05T11:19:01","guid":{"rendered":"http:\/\/c1641679.ferozo.com\/canto-vedico-cuales-son-los-beneficios-de-esta-practica\/"},"modified":"2023-09-18T20:54:38","modified_gmt":"2023-09-18T20:54:38","slug":"canto-vedico-cuales-son-los-beneficios-de-esta-practica","status":"publish","type":"page","link":"https:\/\/dendupratyoga.com\/es\/canto-vedico-cuales-son-los-beneficios-de-esta-practica\/","title":{"rendered":"\u00bfCu\u00e1les son los beneficios de est\u00e1 pr\u00e1ctica?"},"content":{"rendered":"\t\t<div data-elementor-type=\"wp-page\" data-elementor-id=\"5342\" class=\"elementor elementor-5342\" data-elementor-post-type=\"page\">\n\t\t\t\t\t\t<section class=\"elementor-section elementor-top-section elementor-element elementor-element-4c8629b elementor-section-boxed elementor-section-height-default elementor-section-height-default\" data-id=\"4c8629b\" data-element_type=\"section\" data-e-type=\"section\">\n\t\t\t\t\t\t<div class=\"elementor-container elementor-column-gap-default\">\n\t\t\t\t\t<div class=\"elementor-column elementor-col-100 elementor-top-column elementor-element elementor-element-60937de\" data-id=\"60937de\" data-element_type=\"column\" data-e-type=\"column\">\n\t\t\t<div class=\"elementor-widget-wrap elementor-element-populated\">\n\t\t\t\t\t\t<div class=\"elementor-element elementor-element-0f8c9d7 elementor-widget elementor-widget-heading\" data-id=\"0f8c9d7\" data-element_type=\"widget\" data-e-type=\"widget\" data-widget_type=\"heading.default\">\n\t\t\t\t<div class=\"elementor-widget-container\">\n\t\t\t\t\t<h1 class=\"elementor-heading-title elementor-size-default\">CANTO V\u00c9DICO<\/h1>\t\t\t\t<\/div>\n\t\t\t\t<\/div>\n\t\t\t\t<div class=\"elementor-element elementor-element-3cbae00 elementor-widget elementor-widget-image\" data-id=\"3cbae00\" data-element_type=\"widget\" data-e-type=\"widget\" data-widget_type=\"image.default\">\n\t\t\t\t<div class=\"elementor-widget-container\">\n\t\t\t\t\t\t\t\t\t\t\t\t\t\t\t<img decoding=\"async\" width=\"200\" height=\"40\" src=\"https:\/\/dendupratyoga.com\/wp-content\/uploads\/2022\/10\/Diseno-sin-titulo-28.png\" class=\"attachment-large size-large wp-image-2352\" alt=\"\" \/>\t\t\t\t\t\t\t\t\t\t\t\t\t\t\t<\/div>\n\t\t\t\t<\/div>\n\t\t\t\t<div class=\"elementor-element elementor-element-a4a61ea elementor-widget elementor-widget-heading\" data-id=\"a4a61ea\" data-element_type=\"widget\" data-e-type=\"widget\" data-widget_type=\"heading.default\">\n\t\t\t\t<div class=\"elementor-widget-container\">\n\t\t\t\t\t<h2 class=\"elementor-heading-title elementor-size-default\">\u00bfCu\u00e1les son los beneficios de est\u00e1 pr\u00e1ctica?<\/h2>\t\t\t\t<\/div>\n\t\t\t\t<\/div>\n\t\t\t\t<div class=\"elementor-element elementor-element-8ee604b elementor-widget elementor-widget-text-editor\" data-id=\"8ee604b\" data-element_type=\"widget\" data-e-type=\"widget\" data-widget_type=\"text-editor.default\">\n\t\t\t\t<div class=\"elementor-widget-container\">\n\t\t\t\t\t\t\t\t\t<ul>\n \t<li style=\"font-weight: 400;\" aria-level=\"1\"><span style=\"font-weight: 400;\">Refina nuestra escucha hacia el afuera y hacia el adentro.\u00a0La escucha de tu propia voz te revela tu naturaleza.<\/span><\/li>\n \t<li style=\"font-weight: 400;\" aria-level=\"1\"><span style=\"font-weight: 400;\">Desarrolla la voz incrementando el fuego interno que nos da la potencia para poder\u00a0 expresar esa naturaleza.<\/span><\/li>\n \t<li style=\"font-weight: 400;\" aria-level=\"1\"><span style=\"font-weight: 400;\">La pr\u00e1ctica de Mantras y Canto V\u00e9dico nos involucra de tal modo que podemos experimentar estados de silencio, quietud interna y claridad mental.\u00a0 Estados meditativos.<\/span><\/li>\n \t<li style=\"font-weight: 400;\" aria-level=\"1\"><span style=\"font-weight: 400;\">Desarrolla\u00a0 la\u00a0 memoria y\u00a0 la paciencia hacia uno mismo y hacia otros.<\/span><\/li>\n \t<li style=\"font-weight: 400;\" aria-level=\"1\"><span style=\"font-weight: 400;\">Mejora\u00a0 la salud en todos sus planos: f\u00edsico, mental y espiritual:<\/span>\n<\/li\n \t<li style=\"font-weight: 400;\" aria-level=\"2\"><span style=\"font-weight: 400;\">\u2212La respiraci\u00f3n se alarga por ende se estabiliza el ritmo card\u00edaco\u00a0<\/span><\/li\n \t<li style=\"font-weight: 400;\" aria-level=\"2\"><span style=\"font-weight: 400;\">\n<br>\u2212La respiraci\u00f3n se fortalece<\/span><\/li\n \t<li style=\"font-weight: 400;\" aria-level=\"2\"><span style=\"font-weight: 400;\">\n<br>\u2212El trabajo sobre la respiraci\u00f3n impacta nuestra energ\u00eda vital, nuestro pr\u0101n\u0323a y el estado mental.\u00a0 Llev\u00e1ndonos a estados de mente abierta, luminosa, positiva.<\/span><\/li\n \t<li style=\"font-weight: 400;\" aria-level=\"2\"><span style=\"font-weight: 400;\">\n<br>\u2212El canto mejora nuestro \u201cAgni\u201d el fuego digestivo, mejorando nuestra capacidad de transformar todo lo que tomamos o atravesamos: alimento o experiencias, en algo nutritivo y a su vez nos ayuda a desechar aquello que nos genera toxina<\/span><\/li\n \t<li style=\"font-weight: 400;\" aria-level=\"2\"><span style=\"font-weight: 400;\">\n<br>\u2212Hay algo en la producci\u00f3n del sonido que si se hace con cierta intenci\u00f3n integra el cuerpo, la respiraci\u00f3n, la mente y las emociones, este proceso integrador es un proceso de curaci\u00f3n<\/span><\/li>\n \t<li style=\"font-weight: 400;\" aria-level=\"2\"><span style=\"font-weight: 400;\">El proceso de aprendizaje, nos vincula de una manera \u00fanica con nuestro profesor y nuestros pares. Al tiempo que nos liga a una fuerza mayor; nos invita a alimentar nuestra confianza (\u015braddha\u0304) aprendiendo a perder miedos, confiar y aceptar.<\/span><\/li>\n<\/ul>\t\t\t\t\t\t\t\t<\/div>\n\t\t\t\t<\/div>\n\t\t\t\t<div class=\"elementor-element elementor-element-356a9ee elementor-widget elementor-widget-image\" data-id=\"356a9ee\" data-element_type=\"widget\" data-e-type=\"widget\" data-widget_type=\"image.default\">\n\t\t\t\t<div class=\"elementor-widget-container\">\n\t\t\t\t\t\t\t\t\t\t\t\t\t\t\t<img fetchpriority=\"high\" decoding=\"async\" width=\"728\" height=\"443\" src=\"https:\/\/dendupratyoga.com\/wp-content\/uploads\/2022\/11\/Cuales-son-los-beneficios-de-esta-practica.jpeg\" class=\"attachment-medium_large size-medium_large wp-image-3414\" alt=\"\" srcset=\"https:\/\/dendupratyoga.com\/wp-content\/uploads\/2022\/11\/Cuales-son-los-beneficios-de-esta-practica.jpeg 728w, https:\/\/dendupratyoga.com\/wp-content\/uploads\/2022\/11\/Cuales-son-los-beneficios-de-esta-practica-300x183.jpeg 300w\" sizes=\"(max-width: 728px) 100vw, 728px\" \/>\t\t\t\t\t\t\t\t\t\t\t\t\t\t\t<\/div>\n\t\t\t\t<\/div>\n\t\t\t\t\t<\/div>\n\t\t<\/div>\n\t\t\t\t\t<\/div>\n\t\t<\/section>\n\t\t\t\t<\/div>\n\t\t","protected":false},"excerpt":{"rendered":"<p>CANTO V\u00c9DICO \u00bfCu\u00e1les son los beneficios de est\u00e1 pr\u00e1ctica? Refina nuestra escucha hacia el afuera y hacia el adentro.\u00a0La escucha de tu propia voz te revela tu naturaleza. Desarrolla la voz incrementando el fuego interno que nos da la potencia para poder\u00a0 expresar esa naturaleza. La pr\u00e1ctica de Mantras y Canto V\u00e9dico nos involucra de [&hellip;]<\/p>\n","protected":false},"author":2,"featured_media":0,"parent":0,"menu_order":0,"comment_status":"closed","ping_status":"closed","template":"","meta":{"site-sidebar-layout":"no-sidebar","site-content-layout":"page-builder","ast-site-content-layout":"default","site-content-style":"default","site-sidebar-style":"default","ast-global-header-display":"","ast-banner-title-visibility":"","ast-main-header-display":"","ast-hfb-above-header-display":"","ast-hfb-below-header-display":"","ast-hfb-mobile-header-display":"","site-post-title":"disabled","ast-breadcrumbs-content":"","ast-featured-img":"","footer-sml-layout":"","ast-disable-related-posts":"","theme-transparent-header-meta":"enabled","adv-header-id-meta":"","stick-header-meta":"","header-above-stick-meta":"","header-main-stick-meta":"","header-below-stick-meta":"","astra-migrate-meta-layouts":"default","ast-page-background-enabled":"default","ast-page-background-meta":{"desktop":{"background-color":"","background-image":"","background-repeat":"repeat","background-position":"center center","background-size":"auto","background-attachment":"scroll","background-type":"","background-media":"","overlay-type":"","overlay-color":"","overlay-opacity":"","overlay-gradient":""},"tablet":{"background-color":"","background-image":"","background-repeat":"repeat","background-position":"center center","background-size":"auto","background-attachment":"scroll","background-type":"","background-media":"","overlay-type":"","overlay-color":"","overlay-opacity":"","overlay-gradient":""},"mobile":{"background-color":"","background-image":"","background-repeat":"repeat","background-position":"center center","background-size":"auto","background-attachment":"scroll","background-type":"","background-media":"","overlay-type":"","overlay-color":"","overlay-opacity":"","overlay-gradient":""}},"ast-content-background-meta":{"desktop":{"background-color":"var(--ast-global-color-5)","background-image":"","background-repeat":"repeat","background-position":"center center","background-size":"auto","background-attachment":"scroll","background-type":"","background-media":"","overlay-type":"","overlay-color":"","overlay-opacity":"","overlay-gradient":""},"tablet":{"background-color":"var(--ast-global-color-5)","background-image":"","background-repeat":"repeat","background-position":"center center","background-size":"auto","background-attachment":"scroll","background-type":"","background-media":"","overlay-type":"","overlay-color":"","overlay-opacity":"","overlay-gradient":""},"mobile":{"background-color":"var(--ast-global-color-5)","background-image":"","background-repeat":"repeat","background-position":"center center","background-size":"auto","background-attachment":"scroll","background-type":"","background-media":"","overlay-type":"","overlay-color":"","overlay-opacity":"","overlay-gradient":""}},"footnotes":""},"class_list":["post-5342","page","type-page","status-publish","hentry"],"yoast_head":"<!-- This site is optimized with the Yoast SEO plugin v27.4 - https:\/\/yoast.com\/product\/yoast-seo-wordpress\/ -->\n<title>\u00bfCu\u00e1les son los beneficios de est\u00e1 pr\u00e1ctica? - Den Duprat Yoga<\/title>\n<meta name=\"robots\" content=\"index, follow, max-snippet:-1, max-image-preview:large, max-video-preview:-1\" \/>\n<link rel=\"canonical\" href=\"https:\/\/dendupratyoga.com\/vedic-chant-what-are-the-benefits-of-this-practice\/\" \/>\n<meta property=\"og:locale\" content=\"es_ES\" \/>\n<meta property=\"og:type\" content=\"article\" \/>\n<meta property=\"og:title\" content=\"\u00bfCu\u00e1les son los beneficios de est\u00e1 pr\u00e1ctica? - Den Duprat Yoga\" \/>\n<meta property=\"og:description\" content=\"CANTO V\u00c9DICO \u00bfCu\u00e1les son los beneficios de est\u00e1 pr\u00e1ctica? Refina nuestra escucha hacia el afuera y hacia el adentro.\u00a0La escucha de tu propia voz te revela tu naturaleza. Desarrolla la voz incrementando el fuego interno que nos da la potencia para poder\u00a0 expresar esa naturaleza. La pr\u00e1ctica de Mantras y Canto V\u00e9dico nos involucra de [&hellip;]\" \/>\n<meta property=\"og:url\" content=\"https:\/\/dendupratyoga.com\/vedic-chant-what-are-the-benefits-of-this-practice\/\" \/>\n<meta property=\"og:site_name\" content=\"Den Duprat Yoga\" \/>\n<meta property=\"article:modified_time\" content=\"2023-09-18T20:54:38+00:00\" \/>\n<meta property=\"og:image\" content=\"http:\/\/c1641679.ferozo.com\/wp-content\/uploads\/2022\/10\/Diseno-sin-titulo-28.png\" \/>\n<meta name=\"twitter:card\" content=\"summary_large_image\" \/>\n<meta name=\"twitter:label1\" content=\"Tiempo de lectura\" \/>\n\t<meta name=\"twitter:data1\" content=\"1 minuto\" \/>\n<script type=\"application\/ld+json\" class=\"yoast-schema-graph\">{\"@context\":\"https:\\\/\\\/schema.org\",\"@graph\":[{\"@type\":\"WebPage\",\"@id\":\"https:\\\/\\\/dendupratyoga.com\\\/vedic-chant-what-are-the-benefits-of-this-practice\\\/\",\"url\":\"https:\\\/\\\/dendupratyoga.com\\\/vedic-chant-what-are-the-benefits-of-this-practice\\\/\",\"name\":\"\u00bfCu\u00e1les son los beneficios de est\u00e1 pr\u00e1ctica? - Den Duprat Yoga\",\"isPartOf\":{\"@id\":\"https:\\\/\\\/dendupratyoga.com\\\/es\\\/#website\"},\"primaryImageOfPage\":{\"@id\":\"https:\\\/\\\/dendupratyoga.com\\\/vedic-chant-what-are-the-benefits-of-this-practice\\\/#primaryimage\"},\"image\":{\"@id\":\"https:\\\/\\\/dendupratyoga.com\\\/vedic-chant-what-are-the-benefits-of-this-practice\\\/#primaryimage\"},\"thumbnailUrl\":\"http:\\\/\\\/c1641679.ferozo.com\\\/wp-content\\\/uploads\\\/2022\\\/10\\\/Diseno-sin-titulo-28.png\",\"datePublished\":\"2022-10-05T11:19:01+00:00\",\"dateModified\":\"2023-09-18T20:54:38+00:00\",\"breadcrumb\":{\"@id\":\"https:\\\/\\\/dendupratyoga.com\\\/vedic-chant-what-are-the-benefits-of-this-practice\\\/#breadcrumb\"},\"inLanguage\":\"es\",\"potentialAction\":[{\"@type\":\"ReadAction\",\"target\":[\"https:\\\/\\\/dendupratyoga.com\\\/vedic-chant-what-are-the-benefits-of-this-practice\\\/\"]}]},{\"@type\":\"ImageObject\",\"inLanguage\":\"es\",\"@id\":\"https:\\\/\\\/dendupratyoga.com\\\/vedic-chant-what-are-the-benefits-of-this-practice\\\/#primaryimage\",\"url\":\"http:\\\/\\\/c1641679.ferozo.com\\\/wp-content\\\/uploads\\\/2022\\\/10\\\/Diseno-sin-titulo-28.png\",\"contentUrl\":\"http:\\\/\\\/c1641679.ferozo.com\\\/wp-content\\\/uploads\\\/2022\\\/10\\\/Diseno-sin-titulo-28.png\"},{\"@type\":\"BreadcrumbList\",\"@id\":\"https:\\\/\\\/dendupratyoga.com\\\/vedic-chant-what-are-the-benefits-of-this-practice\\\/#breadcrumb\",\"itemListElement\":[{\"@type\":\"ListItem\",\"position\":1,\"name\":\"Portada\",\"item\":\"https:\\\/\\\/dendupratyoga.com\\\/es\\\/\"},{\"@type\":\"ListItem\",\"position\":2,\"name\":\"\u00bfCu\u00e1les son los beneficios de est\u00e1 pr\u00e1ctica?\"}]},{\"@type\":\"WebSite\",\"@id\":\"https:\\\/\\\/dendupratyoga.com\\\/es\\\/#website\",\"url\":\"https:\\\/\\\/dendupratyoga.com\\\/es\\\/\",\"name\":\"Den Duprat Yoga\",\"description\":\"Yoga in Australia\",\"publisher\":{\"@id\":\"https:\\\/\\\/dendupratyoga.com\\\/es\\\/#organization\"},\"potentialAction\":[{\"@type\":\"SearchAction\",\"target\":{\"@type\":\"EntryPoint\",\"urlTemplate\":\"https:\\\/\\\/dendupratyoga.com\\\/es\\\/?s={search_term_string}\"},\"query-input\":{\"@type\":\"PropertyValueSpecification\",\"valueRequired\":true,\"valueName\":\"search_term_string\"}}],\"inLanguage\":\"es\"},{\"@type\":\"Organization\",\"@id\":\"https:\\\/\\\/dendupratyoga.com\\\/es\\\/#organization\",\"name\":\"Den Duprat Yoga\",\"url\":\"https:\\\/\\\/dendupratyoga.com\\\/es\\\/\",\"logo\":{\"@type\":\"ImageObject\",\"inLanguage\":\"es\",\"@id\":\"https:\\\/\\\/dendupratyoga.com\\\/es\\\/#\\\/schema\\\/logo\\\/image\\\/\",\"url\":\"https:\\\/\\\/dendupratyoga.com\\\/wp-content\\\/uploads\\\/2024\\\/02\\\/para-juli-con-cambio-color-letra-Logo-yogui-loto-name-1.svg\",\"contentUrl\":\"https:\\\/\\\/dendupratyoga.com\\\/wp-content\\\/uploads\\\/2024\\\/02\\\/para-juli-con-cambio-color-letra-Logo-yogui-loto-name-1.svg\",\"width\":500,\"height\":500,\"caption\":\"Den Duprat Yoga\"},\"image\":{\"@id\":\"https:\\\/\\\/dendupratyoga.com\\\/es\\\/#\\\/schema\\\/logo\\\/image\\\/\"}}]}<\/script>\n<!-- \/ Yoast SEO plugin. -->","yoast_head_json":{"title":"\u00bfCu\u00e1les son los beneficios de est\u00e1 pr\u00e1ctica? - Den Duprat Yoga","robots":{"index":"index","follow":"follow","max-snippet":"max-snippet:-1","max-image-preview":"max-image-preview:large","max-video-preview":"max-video-preview:-1"},"canonical":"https:\/\/dendupratyoga.com\/vedic-chant-what-are-the-benefits-of-this-practice\/","og_locale":"es_ES","og_type":"article","og_title":"\u00bfCu\u00e1les son los beneficios de est\u00e1 pr\u00e1ctica? - Den Duprat Yoga","og_description":"CANTO V\u00c9DICO \u00bfCu\u00e1les son los beneficios de est\u00e1 pr\u00e1ctica? Refina nuestra escucha hacia el afuera y hacia el adentro.\u00a0La escucha de tu propia voz te revela tu naturaleza. Desarrolla la voz incrementando el fuego interno que nos da la potencia para poder\u00a0 expresar esa naturaleza. La pr\u00e1ctica de Mantras y Canto V\u00e9dico nos involucra de [&hellip;]","og_url":"https:\/\/dendupratyoga.com\/vedic-chant-what-are-the-benefits-of-this-practice\/","og_site_name":"Den Duprat Yoga","article_modified_time":"2023-09-18T20:54:38+00:00","og_image":[{"url":"http:\/\/c1641679.ferozo.com\/wp-content\/uploads\/2022\/10\/Diseno-sin-titulo-28.png","type":"","width":"","height":""}],"twitter_card":"summary_large_image","twitter_misc":{"Tiempo de lectura":"1 minuto"},"schema":{"@context":"https:\/\/schema.org","@graph":[{"@type":"WebPage","@id":"https:\/\/dendupratyoga.com\/vedic-chant-what-are-the-benefits-of-this-practice\/","url":"https:\/\/dendupratyoga.com\/vedic-chant-what-are-the-benefits-of-this-practice\/","name":"\u00bfCu\u00e1les son los beneficios de est\u00e1 pr\u00e1ctica? - Den Duprat Yoga","isPartOf":{"@id":"https:\/\/dendupratyoga.com\/es\/#website"},"primaryImageOfPage":{"@id":"https:\/\/dendupratyoga.com\/vedic-chant-what-are-the-benefits-of-this-practice\/#primaryimage"},"image":{"@id":"https:\/\/dendupratyoga.com\/vedic-chant-what-are-the-benefits-of-this-practice\/#primaryimage"},"thumbnailUrl":"http:\/\/c1641679.ferozo.com\/wp-content\/uploads\/2022\/10\/Diseno-sin-titulo-28.png","datePublished":"2022-10-05T11:19:01+00:00","dateModified":"2023-09-18T20:54:38+00:00","breadcrumb":{"@id":"https:\/\/dendupratyoga.com\/vedic-chant-what-are-the-benefits-of-this-practice\/#breadcrumb"},"inLanguage":"es","potentialAction":[{"@type":"ReadAction","target":["https:\/\/dendupratyoga.com\/vedic-chant-what-are-the-benefits-of-this-practice\/"]}]},{"@type":"ImageObject","inLanguage":"es","@id":"https:\/\/dendupratyoga.com\/vedic-chant-what-are-the-benefits-of-this-practice\/#primaryimage","url":"http:\/\/c1641679.ferozo.com\/wp-content\/uploads\/2022\/10\/Diseno-sin-titulo-28.png","contentUrl":"http:\/\/c1641679.ferozo.com\/wp-content\/uploads\/2022\/10\/Diseno-sin-titulo-28.png"},{"@type":"BreadcrumbList","@id":"https:\/\/dendupratyoga.com\/vedic-chant-what-are-the-benefits-of-this-practice\/#breadcrumb","itemListElement":[{"@type":"ListItem","position":1,"name":"Portada","item":"https:\/\/dendupratyoga.com\/es\/"},{"@type":"ListItem","position":2,"name":"\u00bfCu\u00e1les son los beneficios de est\u00e1 pr\u00e1ctica?"}]},{"@type":"WebSite","@id":"https:\/\/dendupratyoga.com\/es\/#website","url":"https:\/\/dendupratyoga.com\/es\/","name":"Den Duprat Yoga","description":"Yoga in Australia","publisher":{"@id":"https:\/\/dendupratyoga.com\/es\/#organization"},"potentialAction":[{"@type":"SearchAction","target":{"@type":"EntryPoint","urlTemplate":"https:\/\/dendupratyoga.com\/es\/?s={search_term_string}"},"query-input":{"@type":"PropertyValueSpecification","valueRequired":true,"valueName":"search_term_string"}}],"inLanguage":"es"},{"@type":"Organization","@id":"https:\/\/dendupratyoga.com\/es\/#organization","name":"Den Duprat Yoga","url":"https:\/\/dendupratyoga.com\/es\/","logo":{"@type":"ImageObject","inLanguage":"es","@id":"https:\/\/dendupratyoga.com\/es\/#\/schema\/logo\/image\/","url":"https:\/\/dendupratyoga.com\/wp-content\/uploads\/2024\/02\/para-juli-con-cambio-color-letra-Logo-yogui-loto-name-1.svg","contentUrl":"https:\/\/dendupratyoga.com\/wp-content\/uploads\/2024\/02\/para-juli-con-cambio-color-letra-Logo-yogui-loto-name-1.svg","width":500,"height":500,"caption":"Den Duprat Yoga"},"image":{"@id":"https:\/\/dendupratyoga.com\/es\/#\/schema\/logo\/image\/"}}]}},"_links":{"self":[{"href":"https:\/\/dendupratyoga.com\/es\/wp-json\/wp\/v2\/pages\/5342","targetHints":{"allow":["GET"]}}],"collection":[{"href":"https:\/\/dendupratyoga.com\/es\/wp-json\/wp\/v2\/pages"}],"about":[{"href":"https:\/\/dendupratyoga.com\/es\/wp-json\/wp\/v2\/types\/page"}],"author":[{"embeddable":true,"href":"https:\/\/dendupratyoga.com\/es\/wp-json\/wp\/v2\/users\/2"}],"replies":[{"embeddable":true,"href":"https:\/\/dendupratyoga.com\/es\/wp-json\/wp\/v2\/comments?post=5342"}],"version-history":[{"count":19,"href":"https:\/\/dendupratyoga.com\/es\/wp-json\/wp\/v2\/pages\/5342\/revisions"}],"predecessor-version":[{"id":5791,"href":"https:\/\/dendupratyoga.com\/es\/wp-json\/wp\/v2\/pages\/5342\/revisions\/5791"}],"wp:attachment":[{"href":"https:\/\/dendupratyoga.com\/es\/wp-json\/wp\/v2\/media?parent=5342"}],"curies":[{"name":"wp","href":"https:\/\/api.w.org\/{rel}","templated":true}]}}