{"id":5343,"date":"2022-10-05T11:14:15","date_gmt":"2022-10-05T11:14:15","guid":{"rendered":"http:\/\/c1641679.ferozo.com\/canto-vedico-como-es-la-practica-de-canto-vedico\/"},"modified":"2023-09-12T00:17:00","modified_gmt":"2023-09-12T00:17:00","slug":"canto-vedico-como-es-la-practica-de-canto-vedico","status":"publish","type":"page","link":"https:\/\/dendupratyoga.com\/es\/canto-vedico-como-es-la-practica-de-canto-vedico\/","title":{"rendered":"\u00bfC\u00f3mo es la pr\u00e1ctica de Canto V\u00e9dico?"},"content":{"rendered":"\t\t<div data-elementor-type=\"wp-page\" data-elementor-id=\"5343\" class=\"elementor elementor-5343\" data-elementor-post-type=\"page\">\n\t\t\t\t\t\t<section class=\"elementor-section elementor-top-section elementor-element elementor-element-4c8629b elementor-section-boxed elementor-section-height-default elementor-section-height-default\" data-id=\"4c8629b\" data-element_type=\"section\" data-e-type=\"section\">\n\t\t\t\t\t\t<div class=\"elementor-container elementor-column-gap-default\">\n\t\t\t\t\t<div class=\"elementor-column elementor-col-100 elementor-top-column elementor-element elementor-element-60937de\" data-id=\"60937de\" data-element_type=\"column\" data-e-type=\"column\">\n\t\t\t<div class=\"elementor-widget-wrap elementor-element-populated\">\n\t\t\t\t\t\t<div class=\"elementor-element elementor-element-0f8c9d7 elementor-widget elementor-widget-heading\" data-id=\"0f8c9d7\" data-element_type=\"widget\" data-e-type=\"widget\" data-widget_type=\"heading.default\">\n\t\t\t\t<div class=\"elementor-widget-container\">\n\t\t\t\t\t<h1 class=\"elementor-heading-title elementor-size-default\">VEDIC CHANT\n<\/h1>\t\t\t\t<\/div>\n\t\t\t\t<\/div>\n\t\t\t\t<div class=\"elementor-element elementor-element-5230632 elementor-widget elementor-widget-image\" data-id=\"5230632\" data-element_type=\"widget\" data-e-type=\"widget\" data-widget_type=\"image.default\">\n\t\t\t\t<div class=\"elementor-widget-container\">\n\t\t\t\t\t\t\t\t\t\t\t\t\t\t\t<img decoding=\"async\" width=\"200\" height=\"40\" src=\"https:\/\/dendupratyoga.com\/wp-content\/uploads\/2022\/10\/Diseno-sin-titulo-28.png\" class=\"attachment-large size-large wp-image-2352\" alt=\"\" \/>\t\t\t\t\t\t\t\t\t\t\t\t\t\t\t<\/div>\n\t\t\t\t<\/div>\n\t\t\t\t<div class=\"elementor-element elementor-element-0fadc11 elementor-widget elementor-widget-heading\" data-id=\"0fadc11\" data-element_type=\"widget\" data-e-type=\"widget\" data-widget_type=\"heading.default\">\n\t\t\t\t<div class=\"elementor-widget-container\">\n\t\t\t\t\t<h2 class=\"elementor-heading-title elementor-size-default\">\u00bfC\u00f3mo es la pr\u00e1ctica de Canto V\u00e9dico?\n<\/h2>\t\t\t\t<\/div>\n\t\t\t\t<\/div>\n\t\t\t\t<section class=\"elementor-section elementor-inner-section elementor-element elementor-element-aa25037 elementor-section-boxed elementor-section-height-default elementor-section-height-default\" data-id=\"aa25037\" data-element_type=\"section\" data-e-type=\"section\">\n\t\t\t\t\t\t<div class=\"elementor-container elementor-column-gap-default\">\n\t\t\t\t\t<div class=\"elementor-column elementor-col-50 elementor-inner-column elementor-element elementor-element-e9a0dda\" data-id=\"e9a0dda\" data-element_type=\"column\" data-e-type=\"column\">\n\t\t\t<div class=\"elementor-widget-wrap elementor-element-populated\">\n\t\t\t\t\t\t<div class=\"elementor-element elementor-element-8ee604b elementor-widget elementor-widget-text-editor\" data-id=\"8ee604b\" data-element_type=\"widget\" data-e-type=\"widget\" data-widget_type=\"text-editor.default\">\n\t\t\t\t<div class=\"elementor-widget-container\">\n\t\t\t\t\t\t\t\t\t<p><span style=\"font-weight: 400;\">Es aprender los cantos que provienen de los Vedas, cada palabra de estos cantos se considera un Mantra (aquello que protege nuestra mente) y est\u00e1n escritos en S\u00e1nscrito.<\/span><\/p><p><span style=\"font-weight: 400;\">El poder del sonido ha sido reconocido y utilizado por la mayor\u00eda de las tradiciones espirituales.<\/span><\/p><p><span style=\"font-weight: 400;\">El sonido del s\u00e1nscrito se considera especialmente poderoso la vibraci\u00f3n que genera atraviesa nuestras capas y despierta energ\u00edas, modifica patrones, nos transforman.<\/span><\/p><p><span style=\"font-weight: 400;\">Hay cantos de sanaci\u00f3n, cantos que se usan para despertar cualidades dormidas, cantos que nos traen claridad sobre nosotros mismos y el mundo que nos rodea.<\/span><\/p><p><span style=\"font-weight: 400;\">La pr\u00e1ctica de Canto V\u00e9dico es considerada <\/span><span style=\"font-weight: 400;\">\u00abAdhyayanam\u00bb\u00a0 significa acercarse a uno mismo, una pr\u00e1ctica de autoconocimiento, autoobservaci\u00f3n o \u201csvadhyaya\u201d.<\/span><\/p>\t\t\t\t\t\t\t\t<\/div>\n\t\t\t\t<\/div>\n\t\t\t\t\t<\/div>\n\t\t<\/div>\n\t\t\t\t<div class=\"elementor-column elementor-col-50 elementor-inner-column elementor-element elementor-element-224bf90\" data-id=\"224bf90\" data-element_type=\"column\" data-e-type=\"column\">\n\t\t\t<div class=\"elementor-widget-wrap elementor-element-populated\">\n\t\t\t\t\t\t<div class=\"elementor-element elementor-element-0a92a5c elementor-widget elementor-widget-image\" data-id=\"0a92a5c\" data-element_type=\"widget\" data-e-type=\"widget\" data-widget_type=\"image.default\">\n\t\t\t\t<div class=\"elementor-widget-container\">\n\t\t\t\t\t\t\t\t\t\t\t\t\t\t\t<img fetchpriority=\"high\" decoding=\"async\" width=\"768\" height=\"577\" src=\"https:\/\/dendupratyoga.com\/wp-content\/uploads\/2022\/12\/Como-es-la-practica-de-canto-vedico-768x577.jpg\" class=\"attachment-medium_large size-medium_large wp-image-3876\" alt=\"\" srcset=\"https:\/\/dendupratyoga.com\/wp-content\/uploads\/2022\/12\/Como-es-la-practica-de-canto-vedico-768x577.jpg 768w, https:\/\/dendupratyoga.com\/wp-content\/uploads\/2022\/12\/Como-es-la-practica-de-canto-vedico-300x225.jpg 300w, https:\/\/dendupratyoga.com\/wp-content\/uploads\/2022\/12\/Como-es-la-practica-de-canto-vedico-1024x769.jpg 1024w, https:\/\/dendupratyoga.com\/wp-content\/uploads\/2022\/12\/Como-es-la-practica-de-canto-vedico-1536x1153.jpg 1536w, https:\/\/dendupratyoga.com\/wp-content\/uploads\/2022\/12\/Como-es-la-practica-de-canto-vedico-2048x1538.jpg 2048w\" sizes=\"(max-width: 768px) 100vw, 768px\" \/>\t\t\t\t\t\t\t\t\t\t\t\t\t\t\t<\/div>\n\t\t\t\t<\/div>\n\t\t\t\t\t<\/div>\n\t\t<\/div>\n\t\t\t\t\t<\/div>\n\t\t<\/section>\n\t\t\t\t\t<\/div>\n\t\t<\/div>\n\t\t\t\t\t<\/div>\n\t\t<\/section>\n\t\t\t\t<\/div>\n\t\t","protected":false},"excerpt":{"rendered":"<p>VEDIC CHANT \u00bfC\u00f3mo es la pr\u00e1ctica de Canto V\u00e9dico? Es aprender los cantos que provienen de los Vedas, cada palabra de estos cantos se considera un Mantra (aquello que protege nuestra mente) y est\u00e1n escritos en S\u00e1nscrito. El poder del sonido ha sido reconocido y utilizado por la mayor\u00eda de las tradiciones espirituales. El sonido [&hellip;]<\/p>\n","protected":false},"author":2,"featured_media":0,"parent":0,"menu_order":0,"comment_status":"closed","ping_status":"closed","template":"","meta":{"site-sidebar-layout":"no-sidebar","site-content-layout":"page-builder","ast-site-content-layout":"default","site-content-style":"default","site-sidebar-style":"default","ast-global-header-display":"","ast-banner-title-visibility":"","ast-main-header-display":"","ast-hfb-above-header-display":"","ast-hfb-below-header-display":"","ast-hfb-mobile-header-display":"","site-post-title":"disabled","ast-breadcrumbs-content":"","ast-featured-img":"","footer-sml-layout":"","ast-disable-related-posts":"","theme-transparent-header-meta":"enabled","adv-header-id-meta":"","stick-header-meta":"","header-above-stick-meta":"","header-main-stick-meta":"","header-below-stick-meta":"","astra-migrate-meta-layouts":"default","ast-page-background-enabled":"default","ast-page-background-meta":{"desktop":{"background-color":"","background-image":"","background-repeat":"repeat","background-position":"center center","background-size":"auto","background-attachment":"scroll","background-type":"","background-media":"","overlay-type":"","overlay-color":"","overlay-opacity":"","overlay-gradient":""},"tablet":{"background-color":"","background-image":"","background-repeat":"repeat","background-position":"center center","background-size":"auto","background-attachment":"scroll","background-type":"","background-media":"","overlay-type":"","overlay-color":"","overlay-opacity":"","overlay-gradient":""},"mobile":{"background-color":"","background-image":"","background-repeat":"repeat","background-position":"center center","background-size":"auto","background-attachment":"scroll","background-type":"","background-media":"","overlay-type":"","overlay-color":"","overlay-opacity":"","overlay-gradient":""}},"ast-content-background-meta":{"desktop":{"background-color":"var(--ast-global-color-5)","background-image":"","background-repeat":"repeat","background-position":"center center","background-size":"auto","background-attachment":"scroll","background-type":"","background-media":"","overlay-type":"","overlay-color":"","overlay-opacity":"","overlay-gradient":""},"tablet":{"background-color":"var(--ast-global-color-5)","background-image":"","background-repeat":"repeat","background-position":"center center","background-size":"auto","background-attachment":"scroll","background-type":"","background-media":"","overlay-type":"","overlay-color":"","overlay-opacity":"","overlay-gradient":""},"mobile":{"background-color":"var(--ast-global-color-5)","background-image":"","background-repeat":"repeat","background-position":"center center","background-size":"auto","background-attachment":"scroll","background-type":"","background-media":"","overlay-type":"","overlay-color":"","overlay-opacity":"","overlay-gradient":""}},"footnotes":""},"class_list":["post-5343","page","type-page","status-publish","hentry"],"yoast_head":"<!-- This site is optimized with the Yoast SEO plugin v27.4 - https:\/\/yoast.com\/product\/yoast-seo-wordpress\/ -->\n<title>\u00bfC\u00f3mo es la pr\u00e1ctica de Canto V\u00e9dico? - Den Duprat Yoga<\/title>\n<meta name=\"robots\" content=\"index, follow, max-snippet:-1, max-image-preview:large, max-video-preview:-1\" \/>\n<link rel=\"canonical\" href=\"https:\/\/dendupratyoga.com\/vedic-chant-what-is-the-practice-of-vedic-chanting-like\/\" \/>\n<meta property=\"og:locale\" content=\"es_ES\" \/>\n<meta property=\"og:type\" content=\"article\" \/>\n<meta property=\"og:title\" content=\"\u00bfC\u00f3mo es la pr\u00e1ctica de Canto V\u00e9dico? - Den Duprat Yoga\" \/>\n<meta property=\"og:description\" content=\"VEDIC CHANT \u00bfC\u00f3mo es la pr\u00e1ctica de Canto V\u00e9dico? Es aprender los cantos que provienen de los Vedas, cada palabra de estos cantos se considera un Mantra (aquello que protege nuestra mente) y est\u00e1n escritos en S\u00e1nscrito. El poder del sonido ha sido reconocido y utilizado por la mayor\u00eda de las tradiciones espirituales. El sonido [&hellip;]\" \/>\n<meta property=\"og:url\" content=\"https:\/\/dendupratyoga.com\/vedic-chant-what-is-the-practice-of-vedic-chanting-like\/\" \/>\n<meta property=\"og:site_name\" content=\"Den Duprat Yoga\" \/>\n<meta property=\"article:modified_time\" content=\"2023-09-12T00:17:00+00:00\" \/>\n<meta property=\"og:image\" content=\"http:\/\/c1641679.ferozo.com\/wp-content\/uploads\/2022\/10\/Diseno-sin-titulo-28.png\" \/>\n<meta name=\"twitter:card\" content=\"summary_large_image\" \/>\n<meta name=\"twitter:label1\" content=\"Tiempo de lectura\" \/>\n\t<meta name=\"twitter:data1\" content=\"1 minuto\" \/>\n<script type=\"application\/ld+json\" class=\"yoast-schema-graph\">{\"@context\":\"https:\\\/\\\/schema.org\",\"@graph\":[{\"@type\":\"WebPage\",\"@id\":\"https:\\\/\\\/dendupratyoga.com\\\/vedic-chant-what-is-the-practice-of-vedic-chanting-like\\\/\",\"url\":\"https:\\\/\\\/dendupratyoga.com\\\/vedic-chant-what-is-the-practice-of-vedic-chanting-like\\\/\",\"name\":\"\u00bfC\u00f3mo es la pr\u00e1ctica de Canto V\u00e9dico? - Den Duprat Yoga\",\"isPartOf\":{\"@id\":\"https:\\\/\\\/dendupratyoga.com\\\/es\\\/#website\"},\"primaryImageOfPage\":{\"@id\":\"https:\\\/\\\/dendupratyoga.com\\\/vedic-chant-what-is-the-practice-of-vedic-chanting-like\\\/#primaryimage\"},\"image\":{\"@id\":\"https:\\\/\\\/dendupratyoga.com\\\/vedic-chant-what-is-the-practice-of-vedic-chanting-like\\\/#primaryimage\"},\"thumbnailUrl\":\"http:\\\/\\\/c1641679.ferozo.com\\\/wp-content\\\/uploads\\\/2022\\\/10\\\/Diseno-sin-titulo-28.png\",\"datePublished\":\"2022-10-05T11:14:15+00:00\",\"dateModified\":\"2023-09-12T00:17:00+00:00\",\"breadcrumb\":{\"@id\":\"https:\\\/\\\/dendupratyoga.com\\\/vedic-chant-what-is-the-practice-of-vedic-chanting-like\\\/#breadcrumb\"},\"inLanguage\":\"es\",\"potentialAction\":[{\"@type\":\"ReadAction\",\"target\":[\"https:\\\/\\\/dendupratyoga.com\\\/vedic-chant-what-is-the-practice-of-vedic-chanting-like\\\/\"]}]},{\"@type\":\"ImageObject\",\"inLanguage\":\"es\",\"@id\":\"https:\\\/\\\/dendupratyoga.com\\\/vedic-chant-what-is-the-practice-of-vedic-chanting-like\\\/#primaryimage\",\"url\":\"http:\\\/\\\/c1641679.ferozo.com\\\/wp-content\\\/uploads\\\/2022\\\/10\\\/Diseno-sin-titulo-28.png\",\"contentUrl\":\"http:\\\/\\\/c1641679.ferozo.com\\\/wp-content\\\/uploads\\\/2022\\\/10\\\/Diseno-sin-titulo-28.png\"},{\"@type\":\"BreadcrumbList\",\"@id\":\"https:\\\/\\\/dendupratyoga.com\\\/vedic-chant-what-is-the-practice-of-vedic-chanting-like\\\/#breadcrumb\",\"itemListElement\":[{\"@type\":\"ListItem\",\"position\":1,\"name\":\"Portada\",\"item\":\"https:\\\/\\\/dendupratyoga.com\\\/es\\\/\"},{\"@type\":\"ListItem\",\"position\":2,\"name\":\"\u00bfC\u00f3mo es la pr\u00e1ctica de Canto V\u00e9dico?\"}]},{\"@type\":\"WebSite\",\"@id\":\"https:\\\/\\\/dendupratyoga.com\\\/es\\\/#website\",\"url\":\"https:\\\/\\\/dendupratyoga.com\\\/es\\\/\",\"name\":\"Den Duprat Yoga\",\"description\":\"Yoga in Australia\",\"publisher\":{\"@id\":\"https:\\\/\\\/dendupratyoga.com\\\/es\\\/#organization\"},\"potentialAction\":[{\"@type\":\"SearchAction\",\"target\":{\"@type\":\"EntryPoint\",\"urlTemplate\":\"https:\\\/\\\/dendupratyoga.com\\\/es\\\/?s={search_term_string}\"},\"query-input\":{\"@type\":\"PropertyValueSpecification\",\"valueRequired\":true,\"valueName\":\"search_term_string\"}}],\"inLanguage\":\"es\"},{\"@type\":\"Organization\",\"@id\":\"https:\\\/\\\/dendupratyoga.com\\\/es\\\/#organization\",\"name\":\"Den Duprat Yoga\",\"url\":\"https:\\\/\\\/dendupratyoga.com\\\/es\\\/\",\"logo\":{\"@type\":\"ImageObject\",\"inLanguage\":\"es\",\"@id\":\"https:\\\/\\\/dendupratyoga.com\\\/es\\\/#\\\/schema\\\/logo\\\/image\\\/\",\"url\":\"https:\\\/\\\/dendupratyoga.com\\\/wp-content\\\/uploads\\\/2024\\\/02\\\/para-juli-con-cambio-color-letra-Logo-yogui-loto-name-1.svg\",\"contentUrl\":\"https:\\\/\\\/dendupratyoga.com\\\/wp-content\\\/uploads\\\/2024\\\/02\\\/para-juli-con-cambio-color-letra-Logo-yogui-loto-name-1.svg\",\"width\":500,\"height\":500,\"caption\":\"Den Duprat Yoga\"},\"image\":{\"@id\":\"https:\\\/\\\/dendupratyoga.com\\\/es\\\/#\\\/schema\\\/logo\\\/image\\\/\"}}]}<\/script>\n<!-- \/ Yoast SEO plugin. -->","yoast_head_json":{"title":"\u00bfC\u00f3mo es la pr\u00e1ctica de Canto V\u00e9dico? - Den Duprat Yoga","robots":{"index":"index","follow":"follow","max-snippet":"max-snippet:-1","max-image-preview":"max-image-preview:large","max-video-preview":"max-video-preview:-1"},"canonical":"https:\/\/dendupratyoga.com\/vedic-chant-what-is-the-practice-of-vedic-chanting-like\/","og_locale":"es_ES","og_type":"article","og_title":"\u00bfC\u00f3mo es la pr\u00e1ctica de Canto V\u00e9dico? - Den Duprat Yoga","og_description":"VEDIC CHANT \u00bfC\u00f3mo es la pr\u00e1ctica de Canto V\u00e9dico? Es aprender los cantos que provienen de los Vedas, cada palabra de estos cantos se considera un Mantra (aquello que protege nuestra mente) y est\u00e1n escritos en S\u00e1nscrito. El poder del sonido ha sido reconocido y utilizado por la mayor\u00eda de las tradiciones espirituales. El sonido [&hellip;]","og_url":"https:\/\/dendupratyoga.com\/vedic-chant-what-is-the-practice-of-vedic-chanting-like\/","og_site_name":"Den Duprat Yoga","article_modified_time":"2023-09-12T00:17:00+00:00","og_image":[{"url":"http:\/\/c1641679.ferozo.com\/wp-content\/uploads\/2022\/10\/Diseno-sin-titulo-28.png","type":"","width":"","height":""}],"twitter_card":"summary_large_image","twitter_misc":{"Tiempo de lectura":"1 minuto"},"schema":{"@context":"https:\/\/schema.org","@graph":[{"@type":"WebPage","@id":"https:\/\/dendupratyoga.com\/vedic-chant-what-is-the-practice-of-vedic-chanting-like\/","url":"https:\/\/dendupratyoga.com\/vedic-chant-what-is-the-practice-of-vedic-chanting-like\/","name":"\u00bfC\u00f3mo es la pr\u00e1ctica de Canto V\u00e9dico? - Den Duprat Yoga","isPartOf":{"@id":"https:\/\/dendupratyoga.com\/es\/#website"},"primaryImageOfPage":{"@id":"https:\/\/dendupratyoga.com\/vedic-chant-what-is-the-practice-of-vedic-chanting-like\/#primaryimage"},"image":{"@id":"https:\/\/dendupratyoga.com\/vedic-chant-what-is-the-practice-of-vedic-chanting-like\/#primaryimage"},"thumbnailUrl":"http:\/\/c1641679.ferozo.com\/wp-content\/uploads\/2022\/10\/Diseno-sin-titulo-28.png","datePublished":"2022-10-05T11:14:15+00:00","dateModified":"2023-09-12T00:17:00+00:00","breadcrumb":{"@id":"https:\/\/dendupratyoga.com\/vedic-chant-what-is-the-practice-of-vedic-chanting-like\/#breadcrumb"},"inLanguage":"es","potentialAction":[{"@type":"ReadAction","target":["https:\/\/dendupratyoga.com\/vedic-chant-what-is-the-practice-of-vedic-chanting-like\/"]}]},{"@type":"ImageObject","inLanguage":"es","@id":"https:\/\/dendupratyoga.com\/vedic-chant-what-is-the-practice-of-vedic-chanting-like\/#primaryimage","url":"http:\/\/c1641679.ferozo.com\/wp-content\/uploads\/2022\/10\/Diseno-sin-titulo-28.png","contentUrl":"http:\/\/c1641679.ferozo.com\/wp-content\/uploads\/2022\/10\/Diseno-sin-titulo-28.png"},{"@type":"BreadcrumbList","@id":"https:\/\/dendupratyoga.com\/vedic-chant-what-is-the-practice-of-vedic-chanting-like\/#breadcrumb","itemListElement":[{"@type":"ListItem","position":1,"name":"Portada","item":"https:\/\/dendupratyoga.com\/es\/"},{"@type":"ListItem","position":2,"name":"\u00bfC\u00f3mo es la pr\u00e1ctica de Canto V\u00e9dico?"}]},{"@type":"WebSite","@id":"https:\/\/dendupratyoga.com\/es\/#website","url":"https:\/\/dendupratyoga.com\/es\/","name":"Den Duprat Yoga","description":"Yoga in Australia","publisher":{"@id":"https:\/\/dendupratyoga.com\/es\/#organization"},"potentialAction":[{"@type":"SearchAction","target":{"@type":"EntryPoint","urlTemplate":"https:\/\/dendupratyoga.com\/es\/?s={search_term_string}"},"query-input":{"@type":"PropertyValueSpecification","valueRequired":true,"valueName":"search_term_string"}}],"inLanguage":"es"},{"@type":"Organization","@id":"https:\/\/dendupratyoga.com\/es\/#organization","name":"Den Duprat Yoga","url":"https:\/\/dendupratyoga.com\/es\/","logo":{"@type":"ImageObject","inLanguage":"es","@id":"https:\/\/dendupratyoga.com\/es\/#\/schema\/logo\/image\/","url":"https:\/\/dendupratyoga.com\/wp-content\/uploads\/2024\/02\/para-juli-con-cambio-color-letra-Logo-yogui-loto-name-1.svg","contentUrl":"https:\/\/dendupratyoga.com\/wp-content\/uploads\/2024\/02\/para-juli-con-cambio-color-letra-Logo-yogui-loto-name-1.svg","width":500,"height":500,"caption":"Den Duprat Yoga"},"image":{"@id":"https:\/\/dendupratyoga.com\/es\/#\/schema\/logo\/image\/"}}]}},"_links":{"self":[{"href":"https:\/\/dendupratyoga.com\/es\/wp-json\/wp\/v2\/pages\/5343","targetHints":{"allow":["GET"]}}],"collection":[{"href":"https:\/\/dendupratyoga.com\/es\/wp-json\/wp\/v2\/pages"}],"about":[{"href":"https:\/\/dendupratyoga.com\/es\/wp-json\/wp\/v2\/types\/page"}],"author":[{"embeddable":true,"href":"https:\/\/dendupratyoga.com\/es\/wp-json\/wp\/v2\/users\/2"}],"replies":[{"embeddable":true,"href":"https:\/\/dendupratyoga.com\/es\/wp-json\/wp\/v2\/comments?post=5343"}],"version-history":[{"count":10,"href":"https:\/\/dendupratyoga.com\/es\/wp-json\/wp\/v2\/pages\/5343\/revisions"}],"predecessor-version":[{"id":5422,"href":"https:\/\/dendupratyoga.com\/es\/wp-json\/wp\/v2\/pages\/5343\/revisions\/5422"}],"wp:attachment":[{"href":"https:\/\/dendupratyoga.com\/es\/wp-json\/wp\/v2\/media?parent=5343"}],"curies":[{"name":"wp","href":"https:\/\/api.w.org\/{rel}","templated":true}]}}