{"id":5470,"date":"2022-10-05T11:46:49","date_gmt":"2022-10-05T11:46:49","guid":{"rendered":"http:\/\/c1641679.ferozo.com\/clases-pran%cc%a3ayama\/"},"modified":"2023-09-12T12:33:14","modified_gmt":"2023-09-12T12:33:14","slug":"clases-pran%cc%a3ayama","status":"publish","type":"page","link":"https:\/\/dendupratyoga.com\/es\/clases-pran%cc%a3ayama\/","title":{"rendered":"Pr\u0101n\u0323\u0101y\u0101ma"},"content":{"rendered":"\t\t<div data-elementor-type=\"wp-page\" data-elementor-id=\"5470\" class=\"elementor elementor-5470\" data-elementor-post-type=\"page\">\n\t\t\t\t\t\t<section class=\"elementor-section elementor-top-section elementor-element elementor-element-ed3dc4f elementor-section-boxed elementor-section-height-default elementor-section-height-default\" data-id=\"ed3dc4f\" data-element_type=\"section\" data-e-type=\"section\">\n\t\t\t\t\t\t<div class=\"elementor-container elementor-column-gap-default\">\n\t\t\t\t\t<div class=\"elementor-column elementor-col-100 elementor-top-column elementor-element elementor-element-0a5507a\" data-id=\"0a5507a\" data-element_type=\"column\" data-e-type=\"column\">\n\t\t\t<div class=\"elementor-widget-wrap elementor-element-populated\">\n\t\t\t\t\t\t<div class=\"elementor-element elementor-element-8c5d44d elementor-widget elementor-widget-heading\" data-id=\"8c5d44d\" data-element_type=\"widget\" data-e-type=\"widget\" data-widget_type=\"heading.default\">\n\t\t\t\t<div class=\"elementor-widget-container\">\n\t\t\t\t\t<h1 class=\"elementor-heading-title elementor-size-default\">PR\u0100N\u0323\u0100Y\u0100MA<\/h1>\t\t\t\t<\/div>\n\t\t\t\t<\/div>\n\t\t\t\t<div class=\"elementor-element elementor-element-270c489 elementor-widget elementor-widget-image\" data-id=\"270c489\" data-element_type=\"widget\" data-e-type=\"widget\" data-widget_type=\"image.default\">\n\t\t\t\t<div class=\"elementor-widget-container\">\n\t\t\t\t\t\t\t\t\t\t\t\t\t\t\t<img decoding=\"async\" width=\"200\" height=\"40\" src=\"https:\/\/dendupratyoga.com\/wp-content\/uploads\/2022\/10\/Diseno-sin-titulo-28.png\" class=\"attachment-large size-large wp-image-2352\" alt=\"\" \/>\t\t\t\t\t\t\t\t\t\t\t\t\t\t\t<\/div>\n\t\t\t\t<\/div>\n\t\t\t\t<div class=\"elementor-element elementor-element-cc50c49 elementor-widget elementor-widget-heading\" data-id=\"cc50c49\" data-element_type=\"widget\" data-e-type=\"widget\" data-widget_type=\"heading.default\">\n\t\t\t\t<div class=\"elementor-widget-container\">\n\t\t\t\t\t<h3 class=\"elementor-heading-title elementor-size-default\">El arte de dominar la respiraci\u00f3n<\/h3>\t\t\t\t<\/div>\n\t\t\t\t<\/div>\n\t\t\t\t<div class=\"elementor-element elementor-element-f91b693 elementor-widget elementor-widget-heading\" data-id=\"f91b693\" data-element_type=\"widget\" data-e-type=\"widget\" data-widget_type=\"heading.default\">\n\t\t\t\t<div class=\"elementor-widget-container\">\n\t\t\t\t\t<h3 class=\"elementor-heading-title elementor-size-default\">Definici\u00f3n de Pr\u0101\u1e47\u0101y\u0101ma - Ha\u1e6dha Yoga Prad\u012bpik\u0101\n\n<br>\"cale v\u0101te calam cittam ni\u015bcale ni\u015bcalam bhavet yogh\u012b sth\u0101\u1e47utvam\u0101pnoti tato v\u0101yum nirodhayet\"\n<\/h3>\t\t\t\t<\/div>\n\t\t\t\t<\/div>\n\t\t\t\t<div class=\"elementor-element elementor-element-b390fff elementor-widget elementor-widget-text-editor\" data-id=\"b390fff\" data-element_type=\"widget\" data-e-type=\"widget\" data-widget_type=\"text-editor.default\">\n\t\t\t\t<div class=\"elementor-widget-container\">\n\t\t\t\t\t\t\t\t\t<p><span style=\"font-weight: 400;\">Si la respiraci\u00f3n se agita, la mente se agita, cuando la respiraci\u00f3n est\u00e1 en armon\u00eda, la mente tambi\u00e9n est\u00e1 en armon\u00eda.\u00a0 Por lo tanto el yogui aprende a regular la respiraci\u00f3n para obtener la estabilidad de la mente.<\/span><\/p>\t\t\t\t\t\t\t\t<\/div>\n\t\t\t\t<\/div>\n\t\t\t\t<div class=\"elementor-element elementor-element-6b9a65f elementor-widget elementor-widget-image\" data-id=\"6b9a65f\" data-element_type=\"widget\" data-e-type=\"widget\" data-widget_type=\"image.default\">\n\t\t\t\t<div class=\"elementor-widget-container\">\n\t\t\t\t\t\t\t\t\t\t\t\t\t\t\t<img fetchpriority=\"high\" decoding=\"async\" width=\"768\" height=\"475\" src=\"https:\/\/dendupratyoga.com\/wp-content\/uploads\/2022\/11\/pranayama-1.jpeg\" class=\"attachment-medium_large size-medium_large wp-image-3443\" alt=\"\" srcset=\"https:\/\/dendupratyoga.com\/wp-content\/uploads\/2022\/11\/pranayama-1.jpeg 768w, https:\/\/dendupratyoga.com\/wp-content\/uploads\/2022\/11\/pranayama-1-300x186.jpeg 300w\" sizes=\"(max-width: 768px) 100vw, 768px\" \/>\t\t\t\t\t\t\t\t\t\t\t\t\t\t\t<\/div>\n\t\t\t\t<\/div>\n\t\t\t\t<div class=\"elementor-element elementor-element-afa795d elementor-widget elementor-widget-text-editor\" data-id=\"afa795d\" data-element_type=\"widget\" data-e-type=\"widget\" data-widget_type=\"text-editor.default\">\n\t\t\t\t<div class=\"elementor-widget-container\">\n\t\t\t\t\t\t\t\t\t<p><span style=\"font-weight: 400;\">Este curso propone un encuentro con tu prana (energ\u00eda vital), iremos progresivamente hacia un encuentro \u00edntimo con nuestra respiraci\u00f3n.\u00a0 Primero observ\u00e1ndola, registrando el patr\u00f3n respiratorio que traemos. Luego desarrollaremos una relaci\u00f3n con ella, invit\u00e1ndola poco a poco a entrar en un estado armonioso&#8230; donde va la respiraci\u00f3n, va la mente.<\/span><\/p>\t\t\t\t\t\t\t\t<\/div>\n\t\t\t\t<\/div>\n\t\t\t\t<section class=\"elementor-section elementor-inner-section elementor-element elementor-element-f81ab3b elementor-section-boxed elementor-section-height-default elementor-section-height-default\" data-id=\"f81ab3b\" data-element_type=\"section\" data-e-type=\"section\">\n\t\t\t\t\t\t<div class=\"elementor-container elementor-column-gap-default\">\n\t\t\t\t\t<div class=\"elementor-column elementor-col-50 elementor-inner-column elementor-element elementor-element-7d29ceb\" data-id=\"7d29ceb\" data-element_type=\"column\" data-e-type=\"column\">\n\t\t\t<div class=\"elementor-widget-wrap elementor-element-populated\">\n\t\t\t\t\t\t<div class=\"elementor-element elementor-element-776daf1 elementor-widget elementor-widget-shortcode\" data-id=\"776daf1\" data-element_type=\"widget\" data-e-type=\"widget\" data-widget_type=\"shortcode.default\">\n\t\t\t\t<div class=\"elementor-widget-container\">\n\t\t\t\t\t\t\t<div class=\"elementor-shortcode\"><span class=\"collapseomatic awesomearrows\" id=\"id69ea5944d1098\"  tabindex=\"0\" title=\"\u00bfQu\u00e9 beneficios obtendr\u00e1s?\"    >\u00bfQu\u00e9 beneficios obtendr\u00e1s?<\/span><span id='swap-id69ea5944d1098'  class='colomat-swap' style='display:none;'>\u00bfQu\u00e9 beneficios obtendr\u00e1s?<\/span><div id=\"target-id69ea5944d1098\" class=\"collapseomatic_content \"><br>\u2212Eliminar las impurezas de tu cuerpo <br>\n\u2212Fortalecer tu respiraci\u00f3n<br>\n\u2212Mejorar tu digesti\u00f3n<br>\n\u2212M\u00e1s energ\u00eda<br>\n\u2212Eliminar las impurezas a nivel emocional<br>\n\u2212Reducir el estr\u00e9s y la ansiedad<br>\n\u2212Mejorar el sue\u00f1o<br> \n\u2212Mejorar la concentraci\u00f3n<br>\n\u2212Mente clara - \u00a1llena de luz!\n<\/div>\n<\/div>\n\t\t\t\t\t\t<\/div>\n\t\t\t\t<\/div>\n\t\t\t\t\t<\/div>\n\t\t<\/div>\n\t\t\t\t<div class=\"elementor-column elementor-col-50 elementor-inner-column elementor-element elementor-element-9c3de7e\" data-id=\"9c3de7e\" data-element_type=\"column\" data-e-type=\"column\">\n\t\t\t<div class=\"elementor-widget-wrap elementor-element-populated\">\n\t\t\t\t\t\t<div class=\"elementor-element elementor-element-ffb0f69 elementor-widget elementor-widget-image\" data-id=\"ffb0f69\" data-element_type=\"widget\" data-e-type=\"widget\" data-widget_type=\"image.default\">\n\t\t\t\t<div class=\"elementor-widget-container\">\n\t\t\t\t\t\t\t\t\t\t\t\t\t\t\t<img decoding=\"async\" width=\"768\" height=\"547\" src=\"https:\/\/dendupratyoga.com\/wp-content\/uploads\/2022\/11\/pranayama-2-768x547.jpeg\" class=\"attachment-medium_large size-medium_large wp-image-3447\" alt=\"\" srcset=\"https:\/\/dendupratyoga.com\/wp-content\/uploads\/2022\/11\/pranayama-2-768x547.jpeg 768w, https:\/\/dendupratyoga.com\/wp-content\/uploads\/2022\/11\/pranayama-2-300x214.jpeg 300w, https:\/\/dendupratyoga.com\/wp-content\/uploads\/2022\/11\/pranayama-2.jpeg 856w\" sizes=\"(max-width: 768px) 100vw, 768px\" \/>\t\t\t\t\t\t\t\t\t\t\t\t\t\t\t<\/div>\n\t\t\t\t<\/div>\n\t\t\t\t\t<\/div>\n\t\t<\/div>\n\t\t\t\t\t<\/div>\n\t\t<\/section>\n\t\t\t\t<div class=\"elementor-element elementor-element-cfa820f elementor-widget elementor-widget-image\" data-id=\"cfa820f\" data-element_type=\"widget\" data-e-type=\"widget\" data-widget_type=\"image.default\">\n\t\t\t\t<div class=\"elementor-widget-container\">\n\t\t\t\t\t\t\t\t\t\t\t\t\t\t\t<img decoding=\"async\" width=\"200\" height=\"40\" src=\"https:\/\/dendupratyoga.com\/wp-content\/uploads\/2022\/10\/Diseno-sin-titulo-28.png\" class=\"attachment-large size-large wp-image-2352\" alt=\"\" \/>\t\t\t\t\t\t\t\t\t\t\t\t\t\t\t<\/div>\n\t\t\t\t<\/div>\n\t\t\t\t<div class=\"elementor-element elementor-element-6dcf4dc elementor-widget elementor-widget-heading\" data-id=\"6dcf4dc\" data-element_type=\"widget\" data-e-type=\"widget\" data-widget_type=\"heading.default\">\n\t\t\t\t<div class=\"elementor-widget-container\">\n\t\t\t\t\t<h2 class=\"elementor-heading-title elementor-size-default\"><p style=\"margin-bottom: 20px;color: #0c2f64;font-family: Abel;font-size: 16px;font-style: normal;font-weight: 400;white-space: normal;text-align: center\"><em>\u201dPara curar los males del cuerpo, utiliz\u00e1 el cuerpo (\u0101sanas). Para curar el malestar de la mente, practic\u00e1 pr\u0101n\u0323\u0101y\u0101ma (respiraci\u00f3n conciente).\u201d<\/em><\/p><p class=\"autor\" style=\"margin-top: -10px;margin-bottom: 20px;font-size: 13px;color: #0c2f64;font-family: Abel;font-style: normal;font-weight: 400;white-space: normal;text-align: center\"><strong>T. Krishnamacharya <\/strong><span style=\"font-family: Abel, sans-serif;font-size: 1.28571rem;font-style: inherit;white-space: pre-wrap\"><\/span><\/p><\/h2>\t\t\t\t<\/div>\n\t\t\t\t<\/div>\n\t\t\t\t\t<\/div>\n\t\t<\/div>\n\t\t\t\t\t<\/div>\n\t\t<\/section>\n\t\t\t\t<\/div>\n\t\t","protected":false},"excerpt":{"rendered":"<p>PR\u0100N\u0323\u0100Y\u0100MA El arte de dominar la respiraci\u00f3n Definici\u00f3n de Pr\u0101\u1e47\u0101y\u0101ma &#8211; Ha\u1e6dha Yoga Prad\u012bpik\u0101 \u00abcale v\u0101te calam cittam ni\u015bcale ni\u015bcalam bhavet yogh\u012b sth\u0101\u1e47utvam\u0101pnoti tato v\u0101yum nirodhayet\u00bb Si la respiraci\u00f3n se agita, la mente se agita, cuando la respiraci\u00f3n est\u00e1 en armon\u00eda, la mente tambi\u00e9n est\u00e1 en armon\u00eda.\u00a0 Por lo tanto el yogui aprende a regular [&hellip;]<\/p>\n","protected":false},"author":2,"featured_media":0,"parent":0,"menu_order":0,"comment_status":"closed","ping_status":"closed","template":"","meta":{"site-sidebar-layout":"no-sidebar","site-content-layout":"page-builder","ast-site-content-layout":"default","site-content-style":"default","site-sidebar-style":"default","ast-global-header-display":"","ast-banner-title-visibility":"","ast-main-header-display":"","ast-hfb-above-header-display":"","ast-hfb-below-header-display":"","ast-hfb-mobile-header-display":"","site-post-title":"disabled","ast-breadcrumbs-content":"","ast-featured-img":"","footer-sml-layout":"","ast-disable-related-posts":"","theme-transparent-header-meta":"enabled","adv-header-id-meta":"","stick-header-meta":"","header-above-stick-meta":"","header-main-stick-meta":"","header-below-stick-meta":"","astra-migrate-meta-layouts":"default","ast-page-background-enabled":"default","ast-page-background-meta":{"desktop":{"background-color":"","background-image":"","background-repeat":"repeat","background-position":"center center","background-size":"auto","background-attachment":"scroll","background-type":"","background-media":"","overlay-type":"","overlay-color":"","overlay-opacity":"","overlay-gradient":""},"tablet":{"background-color":"","background-image":"","background-repeat":"repeat","background-position":"center center","background-size":"auto","background-attachment":"scroll","background-type":"","background-media":"","overlay-type":"","overlay-color":"","overlay-opacity":"","overlay-gradient":""},"mobile":{"background-color":"","background-image":"","background-repeat":"repeat","background-position":"center center","background-size":"auto","background-attachment":"scroll","background-type":"","background-media":"","overlay-type":"","overlay-color":"","overlay-opacity":"","overlay-gradient":""}},"ast-content-background-meta":{"desktop":{"background-color":"var(--ast-global-color-5)","background-image":"","background-repeat":"repeat","background-position":"center center","background-size":"auto","background-attachment":"scroll","background-type":"","background-media":"","overlay-type":"","overlay-color":"","overlay-opacity":"","overlay-gradient":""},"tablet":{"background-color":"var(--ast-global-color-5)","background-image":"","background-repeat":"repeat","background-position":"center center","background-size":"auto","background-attachment":"scroll","background-type":"","background-media":"","overlay-type":"","overlay-color":"","overlay-opacity":"","overlay-gradient":""},"mobile":{"background-color":"var(--ast-global-color-5)","background-image":"","background-repeat":"repeat","background-position":"center center","background-size":"auto","background-attachment":"scroll","background-type":"","background-media":"","overlay-type":"","overlay-color":"","overlay-opacity":"","overlay-gradient":""}},"footnotes":""},"class_list":["post-5470","page","type-page","status-publish","hentry"],"yoast_head":"<!-- This site is optimized with the Yoast SEO plugin v27.4 - https:\/\/yoast.com\/product\/yoast-seo-wordpress\/ -->\n<title>Pr\u0101n\u0323\u0101y\u0101ma - Den Duprat Yoga<\/title>\n<meta name=\"robots\" content=\"index, follow, max-snippet:-1, max-image-preview:large, max-video-preview:-1\" \/>\n<link rel=\"canonical\" href=\"https:\/\/dendupratyoga.com\/classes-pra\u1e47ayama\/\" \/>\n<meta property=\"og:locale\" content=\"es_ES\" \/>\n<meta property=\"og:type\" content=\"article\" \/>\n<meta property=\"og:title\" content=\"Pr\u0101n\u0323\u0101y\u0101ma - Den Duprat Yoga\" \/>\n<meta property=\"og:description\" content=\"PR\u0100N\u0323\u0100Y\u0100MA El arte de dominar la respiraci\u00f3n Definici\u00f3n de Pr\u0101\u1e47\u0101y\u0101ma &#8211; Ha\u1e6dha Yoga Prad\u012bpik\u0101 \u00abcale v\u0101te calam cittam ni\u015bcale ni\u015bcalam bhavet yogh\u012b sth\u0101\u1e47utvam\u0101pnoti tato v\u0101yum nirodhayet\u00bb Si la respiraci\u00f3n se agita, la mente se agita, cuando la respiraci\u00f3n est\u00e1 en armon\u00eda, la mente tambi\u00e9n est\u00e1 en armon\u00eda.\u00a0 Por lo tanto el yogui aprende a regular [&hellip;]\" \/>\n<meta property=\"og:url\" content=\"https:\/\/dendupratyoga.com\/classes-pra\u1e47ayama\/\" \/>\n<meta property=\"og:site_name\" content=\"Den Duprat Yoga\" \/>\n<meta property=\"article:modified_time\" content=\"2023-09-12T12:33:14+00:00\" \/>\n<meta property=\"og:image\" content=\"http:\/\/c1641679.ferozo.com\/wp-content\/uploads\/2022\/10\/Diseno-sin-titulo-28.png\" \/>\n<meta name=\"twitter:card\" content=\"summary_large_image\" \/>\n<meta name=\"twitter:label1\" content=\"Tiempo de lectura\" \/>\n\t<meta name=\"twitter:data1\" content=\"1 minuto\" \/>\n<script type=\"application\/ld+json\" class=\"yoast-schema-graph\">{\"@context\":\"https:\\\/\\\/schema.org\",\"@graph\":[{\"@type\":\"WebPage\",\"@id\":\"https:\\\/\\\/dendupratyoga.com\\\/classes-pra%e1%b9%87ayama\\\/\",\"url\":\"https:\\\/\\\/dendupratyoga.com\\\/classes-pra%e1%b9%87ayama\\\/\",\"name\":\"Pr\u0101n\u0323\u0101y\u0101ma - Den Duprat Yoga\",\"isPartOf\":{\"@id\":\"https:\\\/\\\/dendupratyoga.com\\\/es\\\/#website\"},\"primaryImageOfPage\":{\"@id\":\"https:\\\/\\\/dendupratyoga.com\\\/classes-pra%e1%b9%87ayama\\\/#primaryimage\"},\"image\":{\"@id\":\"https:\\\/\\\/dendupratyoga.com\\\/classes-pra%e1%b9%87ayama\\\/#primaryimage\"},\"thumbnailUrl\":\"http:\\\/\\\/c1641679.ferozo.com\\\/wp-content\\\/uploads\\\/2022\\\/10\\\/Diseno-sin-titulo-28.png\",\"datePublished\":\"2022-10-05T11:46:49+00:00\",\"dateModified\":\"2023-09-12T12:33:14+00:00\",\"breadcrumb\":{\"@id\":\"https:\\\/\\\/dendupratyoga.com\\\/classes-pra%e1%b9%87ayama\\\/#breadcrumb\"},\"inLanguage\":\"es\",\"potentialAction\":[{\"@type\":\"ReadAction\",\"target\":[\"https:\\\/\\\/dendupratyoga.com\\\/classes-pra%e1%b9%87ayama\\\/\"]}]},{\"@type\":\"ImageObject\",\"inLanguage\":\"es\",\"@id\":\"https:\\\/\\\/dendupratyoga.com\\\/classes-pra%e1%b9%87ayama\\\/#primaryimage\",\"url\":\"http:\\\/\\\/c1641679.ferozo.com\\\/wp-content\\\/uploads\\\/2022\\\/10\\\/Diseno-sin-titulo-28.png\",\"contentUrl\":\"http:\\\/\\\/c1641679.ferozo.com\\\/wp-content\\\/uploads\\\/2022\\\/10\\\/Diseno-sin-titulo-28.png\"},{\"@type\":\"BreadcrumbList\",\"@id\":\"https:\\\/\\\/dendupratyoga.com\\\/classes-pra%e1%b9%87ayama\\\/#breadcrumb\",\"itemListElement\":[{\"@type\":\"ListItem\",\"position\":1,\"name\":\"Portada\",\"item\":\"https:\\\/\\\/dendupratyoga.com\\\/es\\\/\"},{\"@type\":\"ListItem\",\"position\":2,\"name\":\"Pr\u0101n\u0323\u0101y\u0101ma\"}]},{\"@type\":\"WebSite\",\"@id\":\"https:\\\/\\\/dendupratyoga.com\\\/es\\\/#website\",\"url\":\"https:\\\/\\\/dendupratyoga.com\\\/es\\\/\",\"name\":\"Den Duprat Yoga\",\"description\":\"Yoga in Australia\",\"publisher\":{\"@id\":\"https:\\\/\\\/dendupratyoga.com\\\/es\\\/#organization\"},\"potentialAction\":[{\"@type\":\"SearchAction\",\"target\":{\"@type\":\"EntryPoint\",\"urlTemplate\":\"https:\\\/\\\/dendupratyoga.com\\\/es\\\/?s={search_term_string}\"},\"query-input\":{\"@type\":\"PropertyValueSpecification\",\"valueRequired\":true,\"valueName\":\"search_term_string\"}}],\"inLanguage\":\"es\"},{\"@type\":\"Organization\",\"@id\":\"https:\\\/\\\/dendupratyoga.com\\\/es\\\/#organization\",\"name\":\"Den Duprat Yoga\",\"url\":\"https:\\\/\\\/dendupratyoga.com\\\/es\\\/\",\"logo\":{\"@type\":\"ImageObject\",\"inLanguage\":\"es\",\"@id\":\"https:\\\/\\\/dendupratyoga.com\\\/es\\\/#\\\/schema\\\/logo\\\/image\\\/\",\"url\":\"https:\\\/\\\/dendupratyoga.com\\\/wp-content\\\/uploads\\\/2024\\\/02\\\/para-juli-con-cambio-color-letra-Logo-yogui-loto-name-1.svg\",\"contentUrl\":\"https:\\\/\\\/dendupratyoga.com\\\/wp-content\\\/uploads\\\/2024\\\/02\\\/para-juli-con-cambio-color-letra-Logo-yogui-loto-name-1.svg\",\"width\":500,\"height\":500,\"caption\":\"Den Duprat Yoga\"},\"image\":{\"@id\":\"https:\\\/\\\/dendupratyoga.com\\\/es\\\/#\\\/schema\\\/logo\\\/image\\\/\"}}]}<\/script>\n<!-- \/ Yoast SEO plugin. -->","yoast_head_json":{"title":"Pr\u0101n\u0323\u0101y\u0101ma - Den Duprat Yoga","robots":{"index":"index","follow":"follow","max-snippet":"max-snippet:-1","max-image-preview":"max-image-preview:large","max-video-preview":"max-video-preview:-1"},"canonical":"https:\/\/dendupratyoga.com\/classes-pra\u1e47ayama\/","og_locale":"es_ES","og_type":"article","og_title":"Pr\u0101n\u0323\u0101y\u0101ma - Den Duprat Yoga","og_description":"PR\u0100N\u0323\u0100Y\u0100MA El arte de dominar la respiraci\u00f3n Definici\u00f3n de Pr\u0101\u1e47\u0101y\u0101ma &#8211; Ha\u1e6dha Yoga Prad\u012bpik\u0101 \u00abcale v\u0101te calam cittam ni\u015bcale ni\u015bcalam bhavet yogh\u012b sth\u0101\u1e47utvam\u0101pnoti tato v\u0101yum nirodhayet\u00bb Si la respiraci\u00f3n se agita, la mente se agita, cuando la respiraci\u00f3n est\u00e1 en armon\u00eda, la mente tambi\u00e9n est\u00e1 en armon\u00eda.\u00a0 Por lo tanto el yogui aprende a regular [&hellip;]","og_url":"https:\/\/dendupratyoga.com\/classes-pra\u1e47ayama\/","og_site_name":"Den Duprat Yoga","article_modified_time":"2023-09-12T12:33:14+00:00","og_image":[{"url":"http:\/\/c1641679.ferozo.com\/wp-content\/uploads\/2022\/10\/Diseno-sin-titulo-28.png","type":"","width":"","height":""}],"twitter_card":"summary_large_image","twitter_misc":{"Tiempo de lectura":"1 minuto"},"schema":{"@context":"https:\/\/schema.org","@graph":[{"@type":"WebPage","@id":"https:\/\/dendupratyoga.com\/classes-pra%e1%b9%87ayama\/","url":"https:\/\/dendupratyoga.com\/classes-pra%e1%b9%87ayama\/","name":"Pr\u0101n\u0323\u0101y\u0101ma - Den Duprat Yoga","isPartOf":{"@id":"https:\/\/dendupratyoga.com\/es\/#website"},"primaryImageOfPage":{"@id":"https:\/\/dendupratyoga.com\/classes-pra%e1%b9%87ayama\/#primaryimage"},"image":{"@id":"https:\/\/dendupratyoga.com\/classes-pra%e1%b9%87ayama\/#primaryimage"},"thumbnailUrl":"http:\/\/c1641679.ferozo.com\/wp-content\/uploads\/2022\/10\/Diseno-sin-titulo-28.png","datePublished":"2022-10-05T11:46:49+00:00","dateModified":"2023-09-12T12:33:14+00:00","breadcrumb":{"@id":"https:\/\/dendupratyoga.com\/classes-pra%e1%b9%87ayama\/#breadcrumb"},"inLanguage":"es","potentialAction":[{"@type":"ReadAction","target":["https:\/\/dendupratyoga.com\/classes-pra%e1%b9%87ayama\/"]}]},{"@type":"ImageObject","inLanguage":"es","@id":"https:\/\/dendupratyoga.com\/classes-pra%e1%b9%87ayama\/#primaryimage","url":"http:\/\/c1641679.ferozo.com\/wp-content\/uploads\/2022\/10\/Diseno-sin-titulo-28.png","contentUrl":"http:\/\/c1641679.ferozo.com\/wp-content\/uploads\/2022\/10\/Diseno-sin-titulo-28.png"},{"@type":"BreadcrumbList","@id":"https:\/\/dendupratyoga.com\/classes-pra%e1%b9%87ayama\/#breadcrumb","itemListElement":[{"@type":"ListItem","position":1,"name":"Portada","item":"https:\/\/dendupratyoga.com\/es\/"},{"@type":"ListItem","position":2,"name":"Pr\u0101n\u0323\u0101y\u0101ma"}]},{"@type":"WebSite","@id":"https:\/\/dendupratyoga.com\/es\/#website","url":"https:\/\/dendupratyoga.com\/es\/","name":"Den Duprat Yoga","description":"Yoga in Australia","publisher":{"@id":"https:\/\/dendupratyoga.com\/es\/#organization"},"potentialAction":[{"@type":"SearchAction","target":{"@type":"EntryPoint","urlTemplate":"https:\/\/dendupratyoga.com\/es\/?s={search_term_string}"},"query-input":{"@type":"PropertyValueSpecification","valueRequired":true,"valueName":"search_term_string"}}],"inLanguage":"es"},{"@type":"Organization","@id":"https:\/\/dendupratyoga.com\/es\/#organization","name":"Den Duprat Yoga","url":"https:\/\/dendupratyoga.com\/es\/","logo":{"@type":"ImageObject","inLanguage":"es","@id":"https:\/\/dendupratyoga.com\/es\/#\/schema\/logo\/image\/","url":"https:\/\/dendupratyoga.com\/wp-content\/uploads\/2024\/02\/para-juli-con-cambio-color-letra-Logo-yogui-loto-name-1.svg","contentUrl":"https:\/\/dendupratyoga.com\/wp-content\/uploads\/2024\/02\/para-juli-con-cambio-color-letra-Logo-yogui-loto-name-1.svg","width":500,"height":500,"caption":"Den Duprat Yoga"},"image":{"@id":"https:\/\/dendupratyoga.com\/es\/#\/schema\/logo\/image\/"}}]}},"_links":{"self":[{"href":"https:\/\/dendupratyoga.com\/es\/wp-json\/wp\/v2\/pages\/5470","targetHints":{"allow":["GET"]}}],"collection":[{"href":"https:\/\/dendupratyoga.com\/es\/wp-json\/wp\/v2\/pages"}],"about":[{"href":"https:\/\/dendupratyoga.com\/es\/wp-json\/wp\/v2\/types\/page"}],"author":[{"embeddable":true,"href":"https:\/\/dendupratyoga.com\/es\/wp-json\/wp\/v2\/users\/2"}],"replies":[{"embeddable":true,"href":"https:\/\/dendupratyoga.com\/es\/wp-json\/wp\/v2\/comments?post=5470"}],"version-history":[{"count":22,"href":"https:\/\/dendupratyoga.com\/es\/wp-json\/wp\/v2\/pages\/5470\/revisions"}],"predecessor-version":[{"id":5529,"href":"https:\/\/dendupratyoga.com\/es\/wp-json\/wp\/v2\/pages\/5470\/revisions\/5529"}],"wp:attachment":[{"href":"https:\/\/dendupratyoga.com\/es\/wp-json\/wp\/v2\/media?parent=5470"}],"curies":[{"name":"wp","href":"https:\/\/api.w.org\/{rel}","templated":true}]}}