{"id":5678,"date":"2022-10-03T14:43:55","date_gmt":"2022-10-03T14:43:55","guid":{"rendered":"http:\/\/c1641679.ferozo.com\/cursos-y-talleres-poder-del-sonido-mantras\/"},"modified":"2023-09-18T19:31:58","modified_gmt":"2023-09-18T19:31:58","slug":"cursos-y-talleres-poder-del-sonido-mantras","status":"publish","type":"page","link":"https:\/\/dendupratyoga.com\/es\/cursos-y-talleres-poder-del-sonido-mantras\/","title":{"rendered":"Poder del Sonido &#8211; Mantras"},"content":{"rendered":"\t\t<div data-elementor-type=\"wp-page\" data-elementor-id=\"5678\" class=\"elementor elementor-5678\" data-elementor-post-type=\"page\">\n\t\t\t\t\t\t<section class=\"elementor-section elementor-top-section elementor-element elementor-element-4c8629b elementor-section-boxed elementor-section-height-default elementor-section-height-default\" data-id=\"4c8629b\" data-element_type=\"section\" data-e-type=\"section\">\n\t\t\t\t\t\t<div class=\"elementor-container elementor-column-gap-default\">\n\t\t\t\t\t<div class=\"elementor-column elementor-col-100 elementor-top-column elementor-element elementor-element-60937de\" data-id=\"60937de\" data-element_type=\"column\" data-e-type=\"column\">\n\t\t\t<div class=\"elementor-widget-wrap elementor-element-populated\">\n\t\t\t\t\t\t<div class=\"elementor-element elementor-element-0f8c9d7 elementor-widget elementor-widget-heading\" data-id=\"0f8c9d7\" data-element_type=\"widget\" data-e-type=\"widget\" data-widget_type=\"heading.default\">\n\t\t\t\t<div class=\"elementor-widget-container\">\n\t\t\t\t\t<h1 class=\"elementor-heading-title elementor-size-default\">CURSOS Y TALLERES<\/h1>\t\t\t\t<\/div>\n\t\t\t\t<\/div>\n\t\t\t\t<div class=\"elementor-element elementor-element-a239ac7 elementor-widget elementor-widget-image\" data-id=\"a239ac7\" data-element_type=\"widget\" data-e-type=\"widget\" data-widget_type=\"image.default\">\n\t\t\t\t<div class=\"elementor-widget-container\">\n\t\t\t\t\t\t\t\t\t\t\t\t\t\t\t<img decoding=\"async\" width=\"200\" height=\"40\" src=\"https:\/\/dendupratyoga.com\/wp-content\/uploads\/2022\/10\/Diseno-sin-titulo-28.png\" class=\"attachment-large size-large wp-image-2352\" alt=\"\" \/>\t\t\t\t\t\t\t\t\t\t\t\t\t\t\t<\/div>\n\t\t\t\t<\/div>\n\t\t\t\t<div class=\"elementor-element elementor-element-3bcca77 elementor-widget elementor-widget-heading\" data-id=\"3bcca77\" data-element_type=\"widget\" data-e-type=\"widget\" data-widget_type=\"heading.default\">\n\t\t\t\t<div class=\"elementor-widget-container\">\n\t\t\t\t\t<h2 class=\"elementor-heading-title elementor-size-default\">Poder del Sonido - Mantras\u200b<\/h2>\t\t\t\t<\/div>\n\t\t\t\t<\/div>\n\t\t\t\t<div class=\"elementor-element elementor-element-4fab6c6 elementor-widget elementor-widget-heading\" data-id=\"4fab6c6\" data-element_type=\"widget\" data-e-type=\"widget\" data-widget_type=\"heading.default\">\n\t\t\t\t<div class=\"elementor-widget-container\">\n\t\t\t\t\t<h3 class=\"elementor-heading-title elementor-size-default\">SAMANTRAKA <br> Explorando el poder del mantra en \u0100sanas - Pr\u0101n\u0323\u0101y\u0101ma y Meditaci\u00f3n<\/h3>\t\t\t\t<\/div>\n\t\t\t\t<\/div>\n\t\t\t\t<div class=\"elementor-element elementor-element-947e5bc elementor-widget elementor-widget-image\" data-id=\"947e5bc\" data-element_type=\"widget\" data-e-type=\"widget\" data-widget_type=\"image.default\">\n\t\t\t\t<div class=\"elementor-widget-container\">\n\t\t\t\t\t\t\t\t\t\t\t\t\t\t\t<img fetchpriority=\"high\" decoding=\"async\" width=\"700\" height=\"300\" src=\"https:\/\/dendupratyoga.com\/wp-content\/uploads\/2022\/11\/DDY_tallermantras-1.png\" class=\"attachment-medium_large size-medium_large wp-image-3502\" alt=\"\" srcset=\"https:\/\/dendupratyoga.com\/wp-content\/uploads\/2022\/11\/DDY_tallermantras-1.png 700w, https:\/\/dendupratyoga.com\/wp-content\/uploads\/2022\/11\/DDY_tallermantras-1-300x129.png 300w\" sizes=\"(max-width: 700px) 100vw, 700px\" \/>\t\t\t\t\t\t\t\t\t\t\t\t\t\t\t<\/div>\n\t\t\t\t<\/div>\n\t\t\t\t<div class=\"elementor-element elementor-element-8ee604b elementor-widget elementor-widget-text-editor\" data-id=\"8ee604b\" data-element_type=\"widget\" data-e-type=\"widget\" data-widget_type=\"text-editor.default\">\n\t\t\t\t<div class=\"elementor-widget-container\">\n\t\t\t\t\t\t\t\t\t<p><span style=\"font-weight: 400;\">Las \u0101sanas y el pr\u0101n\u0323\u0101y\u0101ma son herramientas importantes del yoga. Sin embargo, en lugar de ser s\u00f3lo pr\u00e1cticas f\u00edsicas y respiratorias, los yoguis incorporaron Mantras para hacerlas m\u00e1s potentes, pr\u00e1cticas energ\u00e9ticas cumpliendo mejor el objetivo del yoga que es influir en la energ\u00eda vital y por lo tanto la mente.<\/span><\/p><p><span style=\"font-style: inherit; font-weight: inherit;\">El prop\u00f3sito de este taller es explorar el uso de mantra-s en \u0100sana y Pr\u0101\u1e47\u0101y\u0101ma llevando ambos a un nivel superior de pr\u00e1ctica.\u00a0 Tambi\u00e9n experimentamos el uso del sonido como foco de meditaci\u00f3n.<\/span><\/p><p><span style=\"font-style: inherit; font-weight: inherit;\">Participar en este taller dar\u00e1 un nuevo sentido a tu pr\u00e1ctica, la sentir\u00e1s desde tu coraz\u00f3n, conectando con la pr\u00e1ctica desde tu esencia.<\/span><\/p><p><span style=\"font-style: inherit; font-weight: inherit;\">Aprender\u00e1s sobre el poder del sonido, no s\u00f3lo para tu propia experiencia sino tambi\u00e9n para poder compartir esta herramienta con tus alumnos en tus clases grupales o individuales.<\/span><span style=\"font-style: inherit;\">\u00a0<\/span><\/p><p><b><img decoding=\"async\" class=\"emoji\" role=\"img\" draggable=\"false\" src=\"https:\/\/s.w.org\/images\/core\/emoji\/14.0.0\/svg\/1f449.svg\" alt=\"\ud83d\udc49\" \/>Inicio:<\/b><span style=\"font-weight: 400;\"> Marzo 2024<\/span><\/p><p><span style=\"font-weight: 400;\"><img decoding=\"async\" class=\"emoji\" role=\"img\" draggable=\"false\" src=\"https:\/\/s.w.org\/images\/core\/emoji\/14.0.0\/svg\/1f449.svg\" alt=\"\ud83d\udc49\" \/><\/span><b>Lugar:<\/b><span style=\"font-weight: 400;\"> Centro de Yoga Agama &#8211; Melbourne<\/span><\/p><p><span style=\"font-weight: 400;\"><img decoding=\"async\" class=\"emoji\" role=\"img\" draggable=\"false\" src=\"https:\/\/s.w.org\/images\/core\/emoji\/14.0.0\/svg\/1f449.svg\" alt=\"\ud83d\udc49\" \/><\/span><b>Fechas<\/b><span style=\"font-weight: 400;\">: Taller de 3 d\u00edas\u00a0<\/span><\/p><p><span style=\"font-weight: 400;\"><img decoding=\"async\" class=\"emoji\" role=\"img\" draggable=\"false\" src=\"https:\/\/s.w.org\/images\/core\/emoji\/14.0.0\/svg\/1f449.svg\" alt=\"\ud83d\udc49\" \/><\/span><b>Horario:<\/b><\/p><p><span style=\"font-weight: 400;\"><img decoding=\"async\" class=\"emoji\" role=\"img\" draggable=\"false\" src=\"https:\/\/s.w.org\/images\/core\/emoji\/14.0.0\/svg\/1f449.svg\" alt=\"\ud83d\udc49\" \/><\/span><b>Fee: <\/b><span style=\"font-weight: 400;\">\u00a0$<\/span><\/p>\t\t\t\t\t\t\t\t<\/div>\n\t\t\t\t<\/div>\n\t\t\t\t<div class=\"elementor-element elementor-element-634b146 elementor-widget elementor-widget-shortcode\" data-id=\"634b146\" data-element_type=\"widget\" data-e-type=\"widget\" data-widget_type=\"shortcode.default\">\n\t\t\t\t<div class=\"elementor-widget-container\">\n\t\t\t\t\t\t\t<div class=\"elementor-shortcode\"><span class=\"collapseomatic awesomearrows\" id=\"id69ea85720a71b\"  tabindex=\"0\" title=\"\u00bfQu\u00e9 vas a aprender? \"    >\u00bfQu\u00e9 vas a aprender? <\/span><span id='swap-id69ea85720a71b'  class='colomat-swap' style='display:none;'>\u00bfQu\u00e9 vas a aprender? <\/span><div id=\"target-id69ea85720a71b\" class=\"collapseomatic_content \"><br>MANTRAS<br>\n\u2013Qu\u00e9 son y para qu\u00e9 sirven<br>\n\u2013Aprender a escucharlos, leerlos y recitarlos<br>\n\u2013Introducci\u00f3n a las reglas de pronunciaci\u00f3n del s\u00e1nscrito:\nPronunciaci\u00f3n correcta<br>\n \u2013Distintas posiciones de la boca \nDuraci\u00f3n de cada sonido <br>\n\u2013M\u00e9trica<br>\n\u2013Fuerza de cada sonido<br>\n\u2013Tonos<br>\n\u2013Usos y aplicaci\u00f3n en \u0100sana - Teor\u00eda y Experiencia<br>\n\u2013Usos y aplicaci\u00f3n en Pr\u0101\u1e47\u0101y\u0101ma - Teor\u00eda y Experiencia<br>\n\u2013Usos y aplicaci\u00f3n en Dhy\u0101na - Teor\u00eda y Experiencia<br>\n\u2013Estudiar y experimentar diferentes Mantras:  Mantras que nos permiten Sanar y traer Equilibrio a nuestro espacio interior, aportando crecimiento personal y espiritual.<br> \nPara ello utilizaremos diferentes enfoques:\n<dd>>Conectar con elementos de la naturaleza para restaurar o nutrir nuestro equilibrio interior<br>\n>Conectar con una Deidad V\u00e9dica para despertar una energ\u00eda arquet\u00edpica\n<br>\n>Conectar con un Concepto para activar esa Energ\u00eda en nosotros (ej. Paz, Coraje, Fe)\n<br>\n>Conectar con la luz de nuestro interior para iluminar nuestro camino espiritual<\/dd>\n \nNota: Se proporcionar\u00e1 material de apoyo escrito + audio de los mantras\n<\/div>\n<\/div>\n\t\t\t\t\t\t<\/div>\n\t\t\t\t<\/div>\n\t\t\t\t<div class=\"elementor-element elementor-element-91ec7c1 elementor-widget elementor-widget-shortcode\" data-id=\"91ec7c1\" data-element_type=\"widget\" data-e-type=\"widget\" data-widget_type=\"shortcode.default\">\n\t\t\t\t<div class=\"elementor-widget-container\">\n\t\t\t\t\t\t\t<div class=\"elementor-shortcode\"><span class=\"collapseomatic awesomearrows\" id=\"id69ea85720a9a6\"  tabindex=\"0\" title=\"Aranceles y M\u00e9todos de Pago\"    >Aranceles y M\u00e9todos de Pago<\/span><span id='swap-id69ea85720a9a6'  class='colomat-swap' style='display:none;'>Aranceles y M\u00e9todos de Pago<\/span><div id=\"target-id69ea85720a9a6\" class=\"collapseomatic_content \"> <br>\nBSB: 033305 Account: 264294 \u2013 Account name: \u201cAgama Yoga Centre for Health and Healing\u201d. <br>Referencia: Nombre Completo<br>\nUna vez realizado el pago enviar comprobante por email: dendupratyoga@gmail.com \naclarando nombre completo - monto - Nombre del Taller\n<\/div>\n\n<\/div>\n\t\t\t\t\t\t<\/div>\n\t\t\t\t<\/div>\n\t\t\t\t\t<\/div>\n\t\t<\/div>\n\t\t\t\t\t<\/div>\n\t\t<\/section>\n\t\t\t\t<\/div>\n\t\t","protected":false},"excerpt":{"rendered":"<p>CURSOS Y TALLERES Poder del Sonido &#8211; Mantras\u200b SAMANTRAKA Explorando el poder del mantra en \u0100sanas &#8211; Pr\u0101n\u0323\u0101y\u0101ma y Meditaci\u00f3n Las \u0101sanas y el pr\u0101n\u0323\u0101y\u0101ma son herramientas importantes del yoga. Sin embargo, en lugar de ser s\u00f3lo pr\u00e1cticas f\u00edsicas y respiratorias, los yoguis incorporaron Mantras para hacerlas m\u00e1s potentes, pr\u00e1cticas energ\u00e9ticas cumpliendo mejor el objetivo [&hellip;]<\/p>\n","protected":false},"author":2,"featured_media":0,"parent":0,"menu_order":0,"comment_status":"closed","ping_status":"closed","template":"","meta":{"site-sidebar-layout":"no-sidebar","site-content-layout":"page-builder","ast-site-content-layout":"default","site-content-style":"default","site-sidebar-style":"default","ast-global-header-display":"","ast-banner-title-visibility":"","ast-main-header-display":"","ast-hfb-above-header-display":"","ast-hfb-below-header-display":"","ast-hfb-mobile-header-display":"","site-post-title":"disabled","ast-breadcrumbs-content":"","ast-featured-img":"","footer-sml-layout":"","ast-disable-related-posts":"","theme-transparent-header-meta":"enabled","adv-header-id-meta":"","stick-header-meta":"","header-above-stick-meta":"","header-main-stick-meta":"","header-below-stick-meta":"","astra-migrate-meta-layouts":"default","ast-page-background-enabled":"default","ast-page-background-meta":{"desktop":{"background-color":"","background-image":"","background-repeat":"repeat","background-position":"center center","background-size":"auto","background-attachment":"scroll","background-type":"","background-media":"","overlay-type":"","overlay-color":"","overlay-opacity":"","overlay-gradient":""},"tablet":{"background-color":"","background-image":"","background-repeat":"repeat","background-position":"center center","background-size":"auto","background-attachment":"scroll","background-type":"","background-media":"","overlay-type":"","overlay-color":"","overlay-opacity":"","overlay-gradient":""},"mobile":{"background-color":"","background-image":"","background-repeat":"repeat","background-position":"center center","background-size":"auto","background-attachment":"scroll","background-type":"","background-media":"","overlay-type":"","overlay-color":"","overlay-opacity":"","overlay-gradient":""}},"ast-content-background-meta":{"desktop":{"background-color":"var(--ast-global-color-5)","background-image":"","background-repeat":"repeat","background-position":"center center","background-size":"auto","background-attachment":"scroll","background-type":"","background-media":"","overlay-type":"","overlay-color":"","overlay-opacity":"","overlay-gradient":""},"tablet":{"background-color":"var(--ast-global-color-5)","background-image":"","background-repeat":"repeat","background-position":"center center","background-size":"auto","background-attachment":"scroll","background-type":"","background-media":"","overlay-type":"","overlay-color":"","overlay-opacity":"","overlay-gradient":""},"mobile":{"background-color":"var(--ast-global-color-5)","background-image":"","background-repeat":"repeat","background-position":"center center","background-size":"auto","background-attachment":"scroll","background-type":"","background-media":"","overlay-type":"","overlay-color":"","overlay-opacity":"","overlay-gradient":""}},"footnotes":""},"class_list":["post-5678","page","type-page","status-publish","hentry"],"yoast_head":"<!-- This site is optimized with the Yoast SEO plugin v27.4 - https:\/\/yoast.com\/product\/yoast-seo-wordpress\/ -->\n<title>Poder del Sonido - Mantras - Den Duprat Yoga<\/title>\n<meta name=\"robots\" content=\"index, follow, max-snippet:-1, max-image-preview:large, max-video-preview:-1\" \/>\n<link rel=\"canonical\" href=\"https:\/\/dendupratyoga.com\/courses-and-workshops-power-of-sound-mantras\/\" \/>\n<meta property=\"og:locale\" content=\"es_ES\" \/>\n<meta property=\"og:type\" content=\"article\" \/>\n<meta property=\"og:title\" content=\"Poder del Sonido - Mantras - Den Duprat Yoga\" \/>\n<meta property=\"og:description\" content=\"CURSOS Y TALLERES Poder del Sonido &#8211; Mantras\u200b SAMANTRAKA Explorando el poder del mantra en \u0100sanas &#8211; Pr\u0101n\u0323\u0101y\u0101ma y Meditaci\u00f3n Las \u0101sanas y el pr\u0101n\u0323\u0101y\u0101ma son herramientas importantes del yoga. Sin embargo, en lugar de ser s\u00f3lo pr\u00e1cticas f\u00edsicas y respiratorias, los yoguis incorporaron Mantras para hacerlas m\u00e1s potentes, pr\u00e1cticas energ\u00e9ticas cumpliendo mejor el objetivo [&hellip;]\" \/>\n<meta property=\"og:url\" content=\"https:\/\/dendupratyoga.com\/courses-and-workshops-power-of-sound-mantras\/\" \/>\n<meta property=\"og:site_name\" content=\"Den Duprat Yoga\" \/>\n<meta property=\"article:modified_time\" content=\"2023-09-18T19:31:58+00:00\" \/>\n<meta property=\"og:image\" content=\"http:\/\/c1641679.ferozo.com\/wp-content\/uploads\/2022\/10\/Diseno-sin-titulo-28.png\" \/>\n<meta name=\"twitter:card\" content=\"summary_large_image\" \/>\n<meta name=\"twitter:label1\" content=\"Tiempo de lectura\" \/>\n\t<meta name=\"twitter:data1\" content=\"1 minuto\" \/>\n<script type=\"application\/ld+json\" class=\"yoast-schema-graph\">{\"@context\":\"https:\\\/\\\/schema.org\",\"@graph\":[{\"@type\":\"WebPage\",\"@id\":\"https:\\\/\\\/dendupratyoga.com\\\/courses-and-workshops-power-of-sound-mantras\\\/\",\"url\":\"https:\\\/\\\/dendupratyoga.com\\\/courses-and-workshops-power-of-sound-mantras\\\/\",\"name\":\"Poder del Sonido - Mantras - Den Duprat Yoga\",\"isPartOf\":{\"@id\":\"https:\\\/\\\/dendupratyoga.com\\\/es\\\/#website\"},\"primaryImageOfPage\":{\"@id\":\"https:\\\/\\\/dendupratyoga.com\\\/courses-and-workshops-power-of-sound-mantras\\\/#primaryimage\"},\"image\":{\"@id\":\"https:\\\/\\\/dendupratyoga.com\\\/courses-and-workshops-power-of-sound-mantras\\\/#primaryimage\"},\"thumbnailUrl\":\"http:\\\/\\\/c1641679.ferozo.com\\\/wp-content\\\/uploads\\\/2022\\\/10\\\/Diseno-sin-titulo-28.png\",\"datePublished\":\"2022-10-03T14:43:55+00:00\",\"dateModified\":\"2023-09-18T19:31:58+00:00\",\"breadcrumb\":{\"@id\":\"https:\\\/\\\/dendupratyoga.com\\\/courses-and-workshops-power-of-sound-mantras\\\/#breadcrumb\"},\"inLanguage\":\"es\",\"potentialAction\":[{\"@type\":\"ReadAction\",\"target\":[\"https:\\\/\\\/dendupratyoga.com\\\/courses-and-workshops-power-of-sound-mantras\\\/\"]}]},{\"@type\":\"ImageObject\",\"inLanguage\":\"es\",\"@id\":\"https:\\\/\\\/dendupratyoga.com\\\/courses-and-workshops-power-of-sound-mantras\\\/#primaryimage\",\"url\":\"http:\\\/\\\/c1641679.ferozo.com\\\/wp-content\\\/uploads\\\/2022\\\/10\\\/Diseno-sin-titulo-28.png\",\"contentUrl\":\"http:\\\/\\\/c1641679.ferozo.com\\\/wp-content\\\/uploads\\\/2022\\\/10\\\/Diseno-sin-titulo-28.png\"},{\"@type\":\"BreadcrumbList\",\"@id\":\"https:\\\/\\\/dendupratyoga.com\\\/courses-and-workshops-power-of-sound-mantras\\\/#breadcrumb\",\"itemListElement\":[{\"@type\":\"ListItem\",\"position\":1,\"name\":\"Portada\",\"item\":\"https:\\\/\\\/dendupratyoga.com\\\/es\\\/\"},{\"@type\":\"ListItem\",\"position\":2,\"name\":\"Poder del Sonido &#8211; Mantras\"}]},{\"@type\":\"WebSite\",\"@id\":\"https:\\\/\\\/dendupratyoga.com\\\/es\\\/#website\",\"url\":\"https:\\\/\\\/dendupratyoga.com\\\/es\\\/\",\"name\":\"Den Duprat Yoga\",\"description\":\"Yoga in Australia\",\"publisher\":{\"@id\":\"https:\\\/\\\/dendupratyoga.com\\\/es\\\/#organization\"},\"potentialAction\":[{\"@type\":\"SearchAction\",\"target\":{\"@type\":\"EntryPoint\",\"urlTemplate\":\"https:\\\/\\\/dendupratyoga.com\\\/es\\\/?s={search_term_string}\"},\"query-input\":{\"@type\":\"PropertyValueSpecification\",\"valueRequired\":true,\"valueName\":\"search_term_string\"}}],\"inLanguage\":\"es\"},{\"@type\":\"Organization\",\"@id\":\"https:\\\/\\\/dendupratyoga.com\\\/es\\\/#organization\",\"name\":\"Den Duprat Yoga\",\"url\":\"https:\\\/\\\/dendupratyoga.com\\\/es\\\/\",\"logo\":{\"@type\":\"ImageObject\",\"inLanguage\":\"es\",\"@id\":\"https:\\\/\\\/dendupratyoga.com\\\/es\\\/#\\\/schema\\\/logo\\\/image\\\/\",\"url\":\"https:\\\/\\\/dendupratyoga.com\\\/wp-content\\\/uploads\\\/2024\\\/02\\\/para-juli-con-cambio-color-letra-Logo-yogui-loto-name-1.svg\",\"contentUrl\":\"https:\\\/\\\/dendupratyoga.com\\\/wp-content\\\/uploads\\\/2024\\\/02\\\/para-juli-con-cambio-color-letra-Logo-yogui-loto-name-1.svg\",\"width\":500,\"height\":500,\"caption\":\"Den Duprat Yoga\"},\"image\":{\"@id\":\"https:\\\/\\\/dendupratyoga.com\\\/es\\\/#\\\/schema\\\/logo\\\/image\\\/\"}}]}<\/script>\n<!-- \/ Yoast SEO plugin. -->","yoast_head_json":{"title":"Poder del Sonido - Mantras - Den Duprat Yoga","robots":{"index":"index","follow":"follow","max-snippet":"max-snippet:-1","max-image-preview":"max-image-preview:large","max-video-preview":"max-video-preview:-1"},"canonical":"https:\/\/dendupratyoga.com\/courses-and-workshops-power-of-sound-mantras\/","og_locale":"es_ES","og_type":"article","og_title":"Poder del Sonido - Mantras - Den Duprat Yoga","og_description":"CURSOS Y TALLERES Poder del Sonido &#8211; Mantras\u200b SAMANTRAKA Explorando el poder del mantra en \u0100sanas &#8211; Pr\u0101n\u0323\u0101y\u0101ma y Meditaci\u00f3n Las \u0101sanas y el pr\u0101n\u0323\u0101y\u0101ma son herramientas importantes del yoga. Sin embargo, en lugar de ser s\u00f3lo pr\u00e1cticas f\u00edsicas y respiratorias, los yoguis incorporaron Mantras para hacerlas m\u00e1s potentes, pr\u00e1cticas energ\u00e9ticas cumpliendo mejor el objetivo [&hellip;]","og_url":"https:\/\/dendupratyoga.com\/courses-and-workshops-power-of-sound-mantras\/","og_site_name":"Den Duprat Yoga","article_modified_time":"2023-09-18T19:31:58+00:00","og_image":[{"url":"http:\/\/c1641679.ferozo.com\/wp-content\/uploads\/2022\/10\/Diseno-sin-titulo-28.png","type":"","width":"","height":""}],"twitter_card":"summary_large_image","twitter_misc":{"Tiempo de lectura":"1 minuto"},"schema":{"@context":"https:\/\/schema.org","@graph":[{"@type":"WebPage","@id":"https:\/\/dendupratyoga.com\/courses-and-workshops-power-of-sound-mantras\/","url":"https:\/\/dendupratyoga.com\/courses-and-workshops-power-of-sound-mantras\/","name":"Poder del Sonido - Mantras - Den Duprat Yoga","isPartOf":{"@id":"https:\/\/dendupratyoga.com\/es\/#website"},"primaryImageOfPage":{"@id":"https:\/\/dendupratyoga.com\/courses-and-workshops-power-of-sound-mantras\/#primaryimage"},"image":{"@id":"https:\/\/dendupratyoga.com\/courses-and-workshops-power-of-sound-mantras\/#primaryimage"},"thumbnailUrl":"http:\/\/c1641679.ferozo.com\/wp-content\/uploads\/2022\/10\/Diseno-sin-titulo-28.png","datePublished":"2022-10-03T14:43:55+00:00","dateModified":"2023-09-18T19:31:58+00:00","breadcrumb":{"@id":"https:\/\/dendupratyoga.com\/courses-and-workshops-power-of-sound-mantras\/#breadcrumb"},"inLanguage":"es","potentialAction":[{"@type":"ReadAction","target":["https:\/\/dendupratyoga.com\/courses-and-workshops-power-of-sound-mantras\/"]}]},{"@type":"ImageObject","inLanguage":"es","@id":"https:\/\/dendupratyoga.com\/courses-and-workshops-power-of-sound-mantras\/#primaryimage","url":"http:\/\/c1641679.ferozo.com\/wp-content\/uploads\/2022\/10\/Diseno-sin-titulo-28.png","contentUrl":"http:\/\/c1641679.ferozo.com\/wp-content\/uploads\/2022\/10\/Diseno-sin-titulo-28.png"},{"@type":"BreadcrumbList","@id":"https:\/\/dendupratyoga.com\/courses-and-workshops-power-of-sound-mantras\/#breadcrumb","itemListElement":[{"@type":"ListItem","position":1,"name":"Portada","item":"https:\/\/dendupratyoga.com\/es\/"},{"@type":"ListItem","position":2,"name":"Poder del Sonido &#8211; Mantras"}]},{"@type":"WebSite","@id":"https:\/\/dendupratyoga.com\/es\/#website","url":"https:\/\/dendupratyoga.com\/es\/","name":"Den Duprat Yoga","description":"Yoga in Australia","publisher":{"@id":"https:\/\/dendupratyoga.com\/es\/#organization"},"potentialAction":[{"@type":"SearchAction","target":{"@type":"EntryPoint","urlTemplate":"https:\/\/dendupratyoga.com\/es\/?s={search_term_string}"},"query-input":{"@type":"PropertyValueSpecification","valueRequired":true,"valueName":"search_term_string"}}],"inLanguage":"es"},{"@type":"Organization","@id":"https:\/\/dendupratyoga.com\/es\/#organization","name":"Den Duprat Yoga","url":"https:\/\/dendupratyoga.com\/es\/","logo":{"@type":"ImageObject","inLanguage":"es","@id":"https:\/\/dendupratyoga.com\/es\/#\/schema\/logo\/image\/","url":"https:\/\/dendupratyoga.com\/wp-content\/uploads\/2024\/02\/para-juli-con-cambio-color-letra-Logo-yogui-loto-name-1.svg","contentUrl":"https:\/\/dendupratyoga.com\/wp-content\/uploads\/2024\/02\/para-juli-con-cambio-color-letra-Logo-yogui-loto-name-1.svg","width":500,"height":500,"caption":"Den Duprat Yoga"},"image":{"@id":"https:\/\/dendupratyoga.com\/es\/#\/schema\/logo\/image\/"}}]}},"_links":{"self":[{"href":"https:\/\/dendupratyoga.com\/es\/wp-json\/wp\/v2\/pages\/5678","targetHints":{"allow":["GET"]}}],"collection":[{"href":"https:\/\/dendupratyoga.com\/es\/wp-json\/wp\/v2\/pages"}],"about":[{"href":"https:\/\/dendupratyoga.com\/es\/wp-json\/wp\/v2\/types\/page"}],"author":[{"embeddable":true,"href":"https:\/\/dendupratyoga.com\/es\/wp-json\/wp\/v2\/users\/2"}],"replies":[{"embeddable":true,"href":"https:\/\/dendupratyoga.com\/es\/wp-json\/wp\/v2\/comments?post=5678"}],"version-history":[{"count":4,"href":"https:\/\/dendupratyoga.com\/es\/wp-json\/wp\/v2\/pages\/5678\/revisions"}],"predecessor-version":[{"id":5746,"href":"https:\/\/dendupratyoga.com\/es\/wp-json\/wp\/v2\/pages\/5678\/revisions\/5746"}],"wp:attachment":[{"href":"https:\/\/dendupratyoga.com\/es\/wp-json\/wp\/v2\/media?parent=5678"}],"curies":[{"name":"wp","href":"https:\/\/api.w.org\/{rel}","templated":true}]}}